{"id":25507,"date":"2026-03-25T16:16:02","date_gmt":"2026-03-25T16:16:02","guid":{"rendered":"https:\/\/sosvirtual.aldeasinfantilessos.org\/nuevo_home_v3\/"},"modified":"2026-05-04T14:51:11","modified_gmt":"2026-05-04T14:51:11","slug":"nuevo_home_v3","status":"publish","type":"page","link":"https:\/\/sosvirtual.aldeasinfantilessos.org\/de\/","title":{"rendered":"Nuevo_home_v3"},"content":{"rendered":"<div class=\"fusion-fullwidth fullwidth-box fusion-builder-row-1 fusion-flex-container has-pattern-background has-mask-background hundred-percent-fullwidth non-hundred-percent-height-scrolling\" style=\"--awb-border-radius-top-left:0px;--awb-border-radius-top-right:0px;--awb-border-radius-bottom-right:0px;--awb-border-radius-bottom-left:0px;--awb-padding-right:0px;--awb-padding-left:0px;--awb-flex-wrap:wrap;\" ><div class=\"fusion-builder-row fusion-row fusion-flex-align-items-flex-start fusion-flex-content-wrap\" style=\"width:104% !important;max-width:104% !important;margin-left: calc(-4% \/ 2 );margin-right: calc(-4% \/ 2 );\"><div class=\"fusion-layout-column fusion_builder_column fusion-builder-column-0 fusion_builder_column_1_1 1_1 fusion-flex-column\" style=\"--awb-bg-size:cover;--awb-width-large:100%;--awb-margin-top-large:0px;--awb-spacing-right-large:1.92%;--awb-margin-bottom-large:0px;--awb-spacing-left-large:1.92%;--awb-width-medium:100%;--awb-order-medium:0;--awb-spacing-right-medium:1.92%;--awb-spacing-left-medium:1.92%;--awb-width-small:100%;--awb-order-small:0;--awb-spacing-right-small:1.92%;--awb-spacing-left-small:1.92%;\" data-motion-effects=\"[{&quot;type&quot;:&quot;&quot;,&quot;scroll_type&quot;:&quot;transition&quot;,&quot;scroll_direction&quot;:&quot;up&quot;,&quot;transition_speed&quot;:&quot;1&quot;,&quot;fade_type&quot;:&quot;in&quot;,&quot;scale_type&quot;:&quot;up&quot;,&quot;initial_scale&quot;:&quot;1&quot;,&quot;max_scale&quot;:&quot;1.5&quot;,&quot;min_scale&quot;:&quot;0.5&quot;,&quot;initial_rotate&quot;:&quot;0&quot;,&quot;end_rotate&quot;:&quot;30&quot;,&quot;initial_blur&quot;:&quot;0&quot;,&quot;end_blur&quot;:&quot;3&quot;,&quot;start_element&quot;:&quot;top&quot;,&quot;start_viewport&quot;:&quot;bottom&quot;,&quot;end_element&quot;:&quot;bottom&quot;,&quot;end_viewport&quot;:&quot;top&quot;,&quot;mouse_effect&quot;:&quot;track&quot;,&quot;mouse_effect_direction&quot;:&quot;opposite&quot;,&quot;mouse_effect_speed&quot;:&quot;2&quot;,&quot;infinite_animation&quot;:&quot;float&quot;,&quot;infinite_animation_speed&quot;:&quot;2&quot;}]\" data-scroll-devices=\"small-visibility,medium-visibility,large-visibility\"><div class=\"fusion-column-wrapper fusion-column-has-shadow fusion-flex-justify-content-flex-start fusion-content-layout-column\"><link href=\"https:\/\/sosvirtual.aldeasinfantilessos.org\/recursos_web_2026\/home_final\/home_final.css?v=20260429-all12\" rel=\"stylesheet\"\/>\n<div class=\"sos-page\" id=\"sosvirtual-premium-home-v2\">\n<div aria-hidden=\"true\" id=\"top\"><\/div>\n<section class=\"hero\">\n<div class=\"page-shell\">\n<div class=\"hero-grid\">\n<div class=\"hero-copy reveal\" style=\"--delay:20ms;\">\n<div class=\"eyebrow\">Globale Lernplattform<\/div>\n<div class=\"hero-welcome\">Willkommen bei SOSvirtual<\/div>\n<h1 class=\"hero-title\">Die globale Lernplattform von <span>SOS-Kinderdorf<\/span><\/h1>\n<p class=\"hero-text\">Greifen Sie auf Kurse, Programm und Lernl\u00f6sungen zu, die an Ihren Kontext angepasst sind, und st\u00e4rken Sie Ihre Arbeit in der Organisation.<\/p>\n<div class=\"hero-actions\">\n<a class=\"btn btn-primary\" href=\"#selector-pais\">Land ausw\u00e4hlen<\/a>\n<a class=\"btn btn-secondary\" href=\"https:\/\/sosvirtual-lms.sos-kd.org\/\" target=\"_blank\" rel=\"noopener\">Zur Plattform<\/a>\n<\/div>\n<div class=\"note\">Find the right access path according to your country and user type.<\/div>\n<\/div>\n<div aria-hidden=\"true\" class=\"hero-visual reveal\" style=\"--delay:100ms;\">\n<div class=\"hero-media\" style=\"background-image:linear-gradient(180deg, rgba(255,255,255,.04) 0%, rgba(255,255,255,.02) 100%), url('https:\/\/sosvirtual.aldeasinfantilessos.org\/recursos_web_2026\/home_final\/servicios.jpg?v=20260429-all12');\"><\/div>\n<div class=\"hero-bubble\">\n<div class=\"hero-bubble-label\">Zugangsweg<\/div>\n<strong class=\"hero-bubble-title\">So beginnen Sie Ihr Lernen<\/strong>\n<div aria-label=\"Pasos para iniciar tu formaci\u00f3n\" class=\"hero-bubble-steps\" role=\"list\">\n<div class=\"hero-bubble-step\" role=\"listitem\">\n<span class=\"hero-bubble-step-number\">1<\/span>\n<div class=\"hero-bubble-step-copy\">\n<span class=\"hero-bubble-step-title\">Land ausw\u00e4hlen<\/span>\n<span class=\"hero-bubble-step-description\">W\u00e4hlen Sie Ihr Land auf der Karte oder in der Liste aus.<\/span>\n<\/div>\n<\/div>\n<div class=\"hero-bubble-step\" role=\"listitem\">\n<span class=\"hero-bubble-step-number\">2<\/span>\n<div class=\"hero-bubble-step-copy\">\n<span class=\"hero-bubble-step-title\">Zum verf\u00fcgbaren Katalog<\/span>\n<span class=\"hero-bubble-step-description\">We will show you the learning offer available f\u00fcr Ihr Land.<\/span>\n<\/div>\n<\/div>\n<div class=\"hero-bubble-step\" role=\"listitem\">\n<span class=\"hero-bubble-step-number\">3<\/span>\n<div class=\"hero-bubble-step-copy\">\n<span class=\"hero-bubble-step-title\">Melden Sie sich f\u00fcr den gew\u00fcnschten Kurs an<\/span>\n<span class=\"hero-bubble-step-description\">Zur Plattform to start or continue your learning.<\/span>\n<\/div>\n<\/div>\n<\/div>\n<\/div>\n<\/div>\n<\/div>\n<\/div>\n<\/section>\n<section class=\"selector-section\" id=\"selector-pais\">\n<div class=\"page-shell\">\n<div class=\"selector-layout\">\n<div class=\"selector-map reveal\" style=\"--delay:60ms;\">\n<div class=\"selector-map-head\">\n<div class=\"selector-map-eyebrow\">Ubicaci\u00f3n<\/div>\n<h2>W\u00e4hlen Sie Ihr Land auf der Karte aus<\/h2>\n<p>Click your country to see the available courses.<\/p>\n<p class=\"selector-map-note\">** Some locations, such as Gulf Area, Luxembourg Monde and Zanzibar, must be selected from the list.<\/p>\n<div aria-label=\"Regiones del mapa\" class=\"selector-region-legend\">\n<span class=\"selector-region-chip region-asia\"><span aria-hidden=\"true\" class=\"selector-region-swatch\"><\/span>ASIA<\/span>\n<span class=\"selector-region-chip region-esaf\"><span aria-hidden=\"true\" class=\"selector-region-swatch\"><\/span>ESAF<\/span>\n<span class=\"selector-region-chip region-eucm\"><span aria-hidden=\"true\" class=\"selector-region-swatch\"><\/span>EUCM<\/span>\n<span class=\"selector-region-chip region-euna\"><span aria-hidden=\"true\" class=\"selector-region-swatch\"><\/span>EUNA<\/span>\n<span class=\"selector-region-chip region-laam\"><span aria-hidden=\"true\" class=\"selector-region-swatch\"><\/span>LAAM<\/span>\n<span class=\"selector-region-chip region-wcna\"><span aria-hidden=\"true\" class=\"selector-region-swatch\"><\/span>WCNA<\/span>\n<\/div>\n<\/div>\n<div id=\"selector-world-stage\">\n<div id=\"selector-world\">\n<div class=\"selector-map-status\">\n<div>\n<strong>Karte wird geladen...<\/strong>\n<small>We are preparing the interactive map so you can select your country.<\/small>\n<\/div>\n<\/div>\n<\/div>\n<div id=\"selector-world-overlay\"><\/div>\n<div class=\"selector-tooltip\" id=\"selector-world-tooltip\"><\/div>\n<\/div>\n<\/div>\n<div class=\"selector-card selector-copy reveal\" style=\"--delay:120ms;\">\n<div class=\"section-kicker\">Suchen Sie Ihr Land in der Liste<\/div>\n<h2>Finden Sie die f\u00fcr Ihr Land verf\u00fcgbaren Kurse<\/h2>\n<p>This option is for people with an SOS-Kinderdorf organisational account. We will take you to the course catalogue available f\u00fcr Ihr Land.<\/p>\n<form class=\"form-stack\" id=\"selector-flow\">\n<label for=\"aldeas-pais\">Land ausw\u00e4hlen<\/label>\n<select id=\"aldeas-pais\" name=\"pais\">\n<option value=\"\">Land ausw\u00e4hlen<\/option>\n<\/select>\n<button class=\"btn btn-primary selector-submit\" disabled=\"\" id=\"selector-go\" type=\"submit\">Verf\u00fcgbare Kurse anzeigen<\/button>\n<div class=\"helper\">We will automatically show you the courses available f\u00fcr Ihr Land.<\/div>\n<\/form>\n<div class=\"selector-progress-cta\">\n<div class=\"selector-progress-copy\">\n<span>Already have courses in progress?<\/span>\n<strong>Go directly to the platform and continue your learning.<\/strong>\n<\/div>\n<a class=\"btn btn-secondary selector-progress-button\" href=\"https:\/\/sosvirtual-lms.sos-kd.org\/\" target=\"_blank\" rel=\"noopener\">Zur Plattform<\/a>\n<\/div>\n<\/div>\n<\/div>\n<\/div>\n<\/section>\n<section class=\"section\" id=\"que-es\">\n<div class=\"page-shell\">\n<div class=\"about-layout\">\n<div class=\"about-copy reveal\" style=\"--delay:50ms;\">\n<div class=\"section-kicker\">Was ist SOSvirtual<\/div>\n<h2>Lernen, das Wirkung erzielt<\/h2>\n<p>We support the continuous development of co-workers and partners through digital learning to strengthen the quality, alignment and impact of services for children, adolescents, young people and families.<\/p>\n<div class=\"about-actions\">\n<a class=\"btn btn-primary\" href=\"\/de\/quienes-somos\/\">Mehr erfahren<\/a>\n<\/div>\n<\/div>\n<div aria-hidden=\"true\" class=\"about-visual reveal\" style=\"--delay:120ms;\">\n<div class=\"about-visual-media\" style=\"background:url('https:\/\/sosvirtual.aldeasinfantilessos.org\/recursos_web_2026\/home_final\/home-hero-20260407.jpg?v=20260429-all12') center center \/ cover no-repeat;\"><\/div>\n<div class=\"about-visual-note\">\n<strong>Lernen mit Bezug zur t\u00e4glichen Praxis<\/strong>\n<span>Capacity development strengthens care and protection for children, adolescents, young people and families.<\/span>\n<\/div>\n<\/div>\n<\/div>\n<\/div>\n<\/section>\n<section class=\"section impact-section\" id=\"impacto\">\n<div class=\"page-shell\">\n<div class=\"impact-shell\">\n<div class=\"impact-copy reveal\" style=\"--delay:40ms;\">\n<div class=\"section-kicker\">Wirkungo<\/div>\n<h2 class=\"section-title\">A learning experience with global reach<\/h2>\n<p class=\"section-text\">SOSvirtual promotes learning across multiple L\u00e4nder, Sprachen and contexts, connecting teams and knowledge to strengthen work in each context.<\/p>\n<\/div>\n<div class=\"impact-stats impact-stats-expanded\">\n<article class=\"impact-card reveal\" style=\"--delay:80ms;\">\n<div class=\"impact-card-head\">\n<div aria-hidden=\"true\" class=\"impact-icon\"><img alt=\"\" src=\"https:\/\/sosvirtual.aldeasinfantilessos.org\/recursos_web_2026\/recursos\/Iconos\/svg\/WirkungEnrollment.svg\"\/><\/div>\n<div class=\"impact-number\">+117K<\/div>\n<\/div>\n<strong>matriculaciones<\/strong>\n<span>Participation in learning experiences.<\/span>\n<\/article>\n<article class=\"impact-card reveal\" style=\"--delay:110ms;\">\n<div class=\"impact-card-head\">\n<div aria-hidden=\"true\" class=\"impact-icon\"><img alt=\"\" src=\"https:\/\/sosvirtual.aldeasinfantilessos.org\/recursos_web_2026\/recursos\/Iconos\/svg\/WirkungUsers.svg\"\/><\/div>\n<div class=\"impact-number\">+26K<\/div>\n<\/div>\n<strong>Nutzende<\/strong>\n<span>Teams strengthening their capacities.<\/span>\n<\/article>\n<article class=\"impact-card reveal\" style=\"--delay:140ms;\">\n<div class=\"impact-card-head\">\n<div aria-hidden=\"true\" class=\"impact-icon\"><img alt=\"\" src=\"https:\/\/sosvirtual.aldeasinfantilessos.org\/recursos_web_2026\/recursos\/Iconos\/svg\/WirkungCertificates.svg\"\/><\/div>\n<div class=\"impact-number\">+85K<\/div>\n<\/div>\n<strong>certificados<\/strong>\n<span>Recognitions issued after completing learning processes.<\/span>\n<\/article>\n<article class=\"impact-card reveal\" style=\"--delay:170ms;\">\n<div class=\"impact-card-head\">\n<div aria-hidden=\"true\" class=\"impact-icon\"><img alt=\"\" src=\"https:\/\/sosvirtual.aldeasinfantilessos.org\/recursos_web_2026\/recursos\/Iconos\/svg\/WirkungCountries.svg\"\/><\/div>\n<div class=\"impact-number\">132<\/div>\n<\/div>\n<strong>L\u00e4nder<\/strong>\n<span>Global presence across the organisation.<\/span>\n<\/article>\n<article class=\"impact-card reveal\" style=\"--delay:200ms;\">\n<div class=\"impact-card-head\">\n<div aria-hidden=\"true\" class=\"impact-icon\"><img alt=\"\" src=\"https:\/\/sosvirtual.aldeasinfantilessos.org\/recursos_web_2026\/recursos\/Iconos\/svg\/WirkungRegions.svg\"\/><\/div>\n<div class=\"impact-number\">6<\/div>\n<\/div>\n<strong>regiones<\/strong>\n<span>Presence in the organisation\u2019s working Regionen.<\/span>\n<\/article>\n<article class=\"impact-card reveal\" style=\"--delay:230ms;\">\n<div class=\"impact-card-head\">\n<div aria-hidden=\"true\" class=\"impact-icon\"><img alt=\"\" src=\"https:\/\/sosvirtual.aldeasinfantilessos.org\/recursos_web_2026\/recursos\/Iconos\/svg\/WirkungLanguages.svg\"\/><\/div>\n<div class=\"impact-number\">18<\/div>\n<\/div>\n<strong>idiomas<\/strong>\n<span>Lernerfahrungen in mehreren Sprachen.<\/span>\n<\/article>\n<article class=\"impact-card reveal\" style=\"--delay:260ms;\">\n<div class=\"impact-card-head\">\n<div aria-hidden=\"true\" class=\"impact-icon\"><img alt=\"\" src=\"https:\/\/sosvirtual.aldeasinfantilessos.org\/recursos_web_2026\/recursos\/Iconos\/svg\/WirkungKurse.svg\"\/><\/div>\n<div class=\"impact-number\">+80<\/div>\n<\/div>\n<strong>courses in the catalogue<\/strong>\n<span>Available offer to strengthen capacities.<\/span>\n<\/article>\n<\/div>\n<\/div>\n<\/div>\n<\/section>\n<section class=\"section\" id=\"app-sosvirtual\">\n<div class=\"page-shell\">\n<div class=\"app-layout\">\n<div class=\"app-copy reveal\" style=\"--delay:50ms;\">\n<div class=\"section-kicker\">Aplicaci\u00f3n m\u00f3vil<\/div>\n<h2 class=\"section-title\">Von \u00fcberall lernen<\/h2>\n<div class=\"app-subtitle\">Access your courses and learning resources from your mobile device, anytime.<\/div>\n<p class=\"section-text\">Lernen fortsetzen from different work and learning spaces, with an experience designed to support you wherever you are.<\/p>\n<div class=\"app-list\">\n<div class=\"app-list-item\">\n<span>Melden Sie sich f\u00fcr den gew\u00fcnschten Kurs an at any time of day.<\/span>\n<\/div>\n<div class=\"app-list-item\">\n<span>Review activities, progress and reminders.<\/span>\n<\/div>\n<div class=\"app-list-item\">\n<span>Lernen fortsetzen from different devices.<\/span>\n<\/div>\n<div class=\"app-list-item\">\n<span>Participate with greater flexibility from different work and learning spaces.<\/span>\n<\/div>\n<\/div>\n<div aria-label=\"Disponibilidad de la app\" class=\"app-downloads\">\n<a class=\"btn btn-secondary app-download-btn\" href=\"https:\/\/apps.apple.com\/us\/iphone\/search?term=SOSvirtual\" rel=\"noopener noreferrer\" target=\"_blank\">F\u00fcr iOS herunterladen<\/a>\n<a class=\"btn btn-secondary app-download-btn\" href=\"https:\/\/play.google.com\/store\/search?q=SOSvirtual&c=apps\" rel=\"noopener noreferrer\" target=\"_blank\">F\u00fcr Android herunterladen<\/a>\n<\/div>\n<\/div>\n<div aria-hidden=\"true\" class=\"app-visual reveal\" style=\"--delay:120ms;\">\n<div class=\"app-frame\"><\/div>\n<\/div>\n<\/div>\n<\/div>\n<\/section>\n<footer class=\"footer\">\n<div class=\"page-shell\">\n<div class=\"footer-top-inner\" id=\"footer-services\">\n<div class=\"services-copy reveal\" style=\"--delay:40ms;\">\n<div class=\"footer-kicker\">Services<\/div>\n<h2 class=\"footer-title\">Mehr als eine Lernplattform<\/h2>\n<p class=\"footer-text\">We provide comprehensive digital learning solutions aligned with the priorities of SOS-Kinderdorf and local contexts.<\/p>\n<div class=\"footer-actions\">\n<a class=\"btn btn-primary\" href=\"\/de\/servicios\/\">Services entdecken<\/a>\n<\/div>\n<\/div>\n<div aria-hidden=\"true\" class=\"services-visual reveal\" style=\"--delay:120ms;\">\n<div class=\"services-visual-media\"><\/div>\n<\/div>\n<\/div>\n<div class=\"footer-main\">\n<div class=\"footer-brand reveal\" style=\"--delay:60ms;\">\n<a href=\"#top\"><img alt=\"SOSvirtual\" src=\"https:\/\/sosvirtual.aldeasinfantilessos.org\/recursos_web_2026\/home_final\/logo2.png\"\/><\/a>\n<div class=\"footer-brand-meta\">Globale Lernplattform<\/div>\n<p>SOSvirtual b\u00fcndelt Lernerfahrungen, um Kapazit\u00e4ten zu st\u00e4rken, Wissen zu teilen und die Arbeit mit Kindern, jungen Menschen und Familien besser zu unterst\u00fctzen.<\/p>\n<\/div>\n<div class=\"footer-col reveal\" style=\"--delay:120ms;\">\n<h4>Entdecken<\/h4>\n<div class=\"footer-links\">\n<a href=\"#selector-pais\">Land ausw\u00e4hlen<\/a>\n<a href=\"\/de\/como-empezar\/\">So starten Sie<\/a>\n<a href=\"\/de\/quienes-somos\/\">Was ist SOSvirtual<\/a>\n<a href=\"#app-sosvirtual\">SOSvirtual-App<\/a>\n<\/div>\n<\/div>\n<div class=\"footer-col reveal\" id=\"footer-support\" style=\"--delay:240ms;\">\n<h4>Unterst\u00fctzung<\/h4>\n<div class=\"footer-links\">\n<a href=\"https:\/\/iservice.sos-kd.org\/servicedesk\/customer\/portal\/17\" rel=\"noopener noreferrer\" target=\"_blank\">Help Center<\/a>\n<a href=\"https:\/\/iservice.sos-kd.org\/servicedesk\/customer\/portal\/17\" rel=\"noopener noreferrer\" target=\"_blank\">Kontakt<\/a>\n<a href=\"\/de\/privacy-policy\/\">Datenschutzerkl\u00e4rung<\/a>\n<a href=\"\/de\/terms-of-use\/\">Nutzungsbedingungen<\/a>\n<\/div>\n<\/div>\n<\/div>\n<div class=\"footer-bottom\">\n<div class=\"footer-legal\">\u00a9 2026 SOSvirtual \u00b7 SOS-Kinderdorf \u00b7 Institutionelle Lernplattform.<\/div>\n<\/div>\n<\/div>\n<\/footer>\n<div class=\"floating-helpdesk\">\n<input class=\"floating-helpdesk-check\" id=\"floating-helpdesk-toggle-control\" type=\"checkbox\"\/>\n<label aria-label=\"Ben\u00f6tigen Sie Hilfe?\" class=\"floating-helpdesk-toggle\" for=\"floating-helpdesk-toggle-control\">\n<span aria-hidden=\"true\" class=\"floating-helpdesk-icon\"><\/span>\n<span class=\"floating-helpdesk-text\">Ben\u00f6tigen Sie Hilfe?<\/span>\n<span aria-hidden=\"true\" class=\"floating-helpdesk-caret\"><\/span>\n<\/label>\n<div class=\"floating-helpdesk-panel\">\n<a class=\"floating-helpdesk-action\" href=\"https:\/\/iservice.sos-kd.org\/servicedesk\/customer\/portal\/17\" rel=\"noopener noreferrer\" target=\"_blank\">\n<span class=\"floating-helpdesk-action-title\">Help Desk<\/span>\n<span class=\"floating-helpdesk-action-note\">F\u00fcr Organisationskonten<\/span>\n<\/a>\n<a class=\"floating-helpdesk-action\" href=\"mailto:support.sosvirtual@sos-kd.org?subject=SOSvirtual%20Unterst\u00fctzung\">\n<span class=\"floating-helpdesk-action-title\">Unterst\u00fctzung-E-Mail<\/span>\n<span class=\"floating-helpdesk-action-note\">Unterst\u00fctzung per E-Mail<\/span>\n<\/a>\n<\/div>\n<\/div>\n<\/div>\n<script src=\"https:\/\/sosvirtual.aldeasinfantilessos.org\/recursos_web_2026\/catalogo_country_config_de.js?v=20260429-all12\"><\/script>\n<script src=\"https:\/\/sosvirtual.aldeasinfantilessos.org\/recursos_web_2026\/home_final\/home_final_de.js?v=20260429-all12\"><\/script>\n<script src=\"https:\/\/sosvirtual.aldeasinfantilessos.org\/recursos_web_2026\/platform_link_fix.js?v=20260429-all12\"><\/script>\n<\/div><\/div><\/div><\/div>\n","protected":false},"excerpt":{"rendered":"","protected":false},"author":1,"featured_media":0,"parent":0,"menu_order":0,"comment_status":"closed","ping_status":"closed","template":"100-width.php","meta":[],"_links":{"self":[{"href":"https:\/\/sosvirtual.aldeasinfantilessos.org\/de\/wp-json\/wp\/v2\/pages\/25507"}],"collection":[{"href":"https:\/\/sosvirtual.aldeasinfantilessos.org\/de\/wp-json\/wp\/v2\/pages"}],"about":[{"href":"https:\/\/sosvirtual.aldeasinfantilessos.org\/de\/wp-json\/wp\/v2\/types\/page"}],"author":[{"embeddable":true,"href":"https:\/\/sosvirtual.aldeasinfantilessos.org\/de\/wp-json\/wp\/v2\/users\/1"}],"replies":[{"embeddable":true,"href":"https:\/\/sosvirtual.aldeasinfantilessos.org\/de\/wp-json\/wp\/v2\/comments?post=25507"}],"version-history":[{"count":2,"href":"https:\/\/sosvirtual.aldeasinfantilessos.org\/de\/wp-json\/wp\/v2\/pages\/25507\/revisions"}],"predecessor-version":[{"id":25591,"href":"https:\/\/sosvirtual.aldeasinfantilessos.org\/de\/wp-json\/wp\/v2\/pages\/25507\/revisions\/25591"}],"wp:attachment":[{"href":"https:\/\/sosvirtual.aldeasinfantilessos.org\/de\/wp-json\/wp\/v2\/media?parent=25507"}],"curies":[{"name":"wp","href":"https:\/\/api.w.org\/{rel}","templated":true}]}}