{"id":25514,"date":"2026-04-01T12:49:36","date_gmt":"2026-04-01T12:49:36","guid":{"rendered":"https:\/\/sosvirtual.aldeasinfantilessos.org\/quienes-somos\/"},"modified":"2026-05-04T14:51:29","modified_gmt":"2026-05-04T14:51:29","slug":"quienes-somos","status":"publish","type":"page","link":"https:\/\/sosvirtual.aldeasinfantilessos.org\/de\/quienes-somos\/","title":{"rendered":"Quienes_Somos"},"content":{"rendered":"<div class=\"fusion-fullwidth fullwidth-box fusion-builder-row-1 fusion-flex-container has-pattern-background has-mask-background hundred-percent-fullwidth non-hundred-percent-height-scrolling\" style=\"--awb-border-radius-top-left:0px;--awb-border-radius-top-right:0px;--awb-border-radius-bottom-right:0px;--awb-border-radius-bottom-left:0px;--awb-padding-right:0px;--awb-padding-left:0px;--awb-flex-wrap:wrap;\" ><div class=\"fusion-builder-row fusion-row fusion-flex-align-items-flex-start fusion-flex-content-wrap\" style=\"width:104% !important;max-width:104% !important;margin-left: calc(-4% \/ 2 );margin-right: calc(-4% \/ 2 );\"><div class=\"fusion-layout-column fusion_builder_column fusion-builder-column-0 fusion_builder_column_1_1 1_1 fusion-flex-column\" style=\"--awb-bg-size:cover;--awb-width-large:100%;--awb-margin-top-large:0px;--awb-spacing-right-large:1.92%;--awb-margin-bottom-large:0px;--awb-spacing-left-large:1.92%;--awb-width-medium:100%;--awb-order-medium:0;--awb-spacing-right-medium:1.92%;--awb-spacing-left-medium:1.92%;--awb-width-small:100%;--awb-order-small:0;--awb-spacing-right-small:1.92%;--awb-spacing-left-small:1.92%;\" data-motion-effects=\"[{&quot;type&quot;:&quot;&quot;,&quot;scroll_type&quot;:&quot;transition&quot;,&quot;scroll_direction&quot;:&quot;up&quot;,&quot;transition_speed&quot;:&quot;1&quot;,&quot;fade_type&quot;:&quot;in&quot;,&quot;scale_type&quot;:&quot;up&quot;,&quot;initial_scale&quot;:&quot;1&quot;,&quot;max_scale&quot;:&quot;1.5&quot;,&quot;min_scale&quot;:&quot;0.5&quot;,&quot;initial_rotate&quot;:&quot;0&quot;,&quot;end_rotate&quot;:&quot;30&quot;,&quot;initial_blur&quot;:&quot;0&quot;,&quot;end_blur&quot;:&quot;3&quot;,&quot;start_element&quot;:&quot;top&quot;,&quot;start_viewport&quot;:&quot;bottom&quot;,&quot;end_element&quot;:&quot;bottom&quot;,&quot;end_viewport&quot;:&quot;top&quot;,&quot;mouse_effect&quot;:&quot;track&quot;,&quot;mouse_effect_direction&quot;:&quot;opposite&quot;,&quot;mouse_effect_speed&quot;:&quot;2&quot;,&quot;infinite_animation&quot;:&quot;float&quot;,&quot;infinite_animation_speed&quot;:&quot;2&quot;}]\" data-scroll-devices=\"small-visibility,medium-visibility,large-visibility\"><div class=\"fusion-column-wrapper fusion-column-has-shadow fusion-flex-justify-content-flex-start fusion-content-layout-column\">\n<link href=\"https:\/\/sosvirtual.aldeasinfantilessos.org\/recursos_web_2026\/interiores\/interiores.css?v=20260429-all12\" rel=\"stylesheet\"\/>\n<style>\n  #sosvirtual-quienes-somos .hero{padding:42px 0 34px;}\n  #sosvirtual-quienes-somos .hero-grid{min-height:610px;}\n  #sosvirtual-quienes-somos .hero-about-card{position:relative;min-height:430px;border-radius:34px;overflow:hidden;background:linear-gradient(180deg,rgba(255,255,255,.04),rgba(255,255,255,.02)),url('https:\/\/sosvirtual.aldeasinfantilessos.org\/recursos_web_2026\/interiores\/imagenes\/quienes-hero-apoyo.jpg?v=20260429-all12') center 50%\/cover no-repeat;box-shadow:0 24px 58px rgba(18,52,95,.12);}\n  #sosvirtual-quienes-somos .about-tabs{display:grid;grid-template-columns:300px minmax(0,1fr);gap:0;margin-top:6px;border-radius:32px;overflow:hidden;background:linear-gradient(180deg,#fff,#f8fcff);border:1px solid rgba(21,58,104,.10);box-shadow:0 22px 48px rgba(18,52,95,.07);}\n  #sosvirtual-quienes-somos .about-tabs input{position:absolute;opacity:0;pointer-events:none;}\n  #sosvirtual-quienes-somos .about-tab-nav{display:grid;gap:10px;align-content:start;padding:24px;border-right:1px solid rgba(21,58,104,.10);background:linear-gradient(180deg,rgba(242,249,253,.86),rgba(255,255,255,.72));}\n  #sosvirtual-quienes-somos .about-tab-label{display:flex;align-items:center;gap:13px;min-height:66px;padding:14px 16px;border-radius:20px;background:rgba(255,255,255,.72);border:1px solid rgba(0,169,224,.14);color:#153a68!important;font-size:17px!important;font-weight:700!important;line-height:1.25!important;cursor:pointer;transition:background .18s ease,color .18s ease,transform .18s ease,box-shadow .18s ease;}\n  #sosvirtual-quienes-somos .about-tab-label::before{content:\"\";width:10px;height:10px;flex:0 0 10px;border-radius:999px;background:#8ed8f4;box-shadow:0 0 0 5px rgba(142,216,244,.16);}\n  #sosvirtual-quienes-somos .about-tab-label:hover{transform:translateY(-1px);background:#fff;box-shadow:0 12px 24px rgba(18,52,95,.06);}\n  #sosvirtual-quienes-somos #tab-impacto:checked ~ .about-tab-nav label[for=\"tab-impacto\"],\n  #sosvirtual-quienes-somos #tab-compromiso:checked ~ .about-tab-nav label[for=\"tab-compromiso\"],\n  #sosvirtual-quienes-somos #tab-alcance:checked ~ .about-tab-nav label[for=\"tab-alcance\"]{background:linear-gradient(135deg,#00a9e0,#28bee8);color:#fff!important;box-shadow:0 18px 32px rgba(0,169,224,.20);}\n  #sosvirtual-quienes-somos #tab-impacto:checked ~ .about-tab-nav label[for=\"tab-impacto\"]::before,\n  #sosvirtual-quienes-somos #tab-compromiso:checked ~ .about-tab-nav label[for=\"tab-compromiso\"]::before,\n  #sosvirtual-quienes-somos #tab-alcance:checked ~ .about-tab-nav label[for=\"tab-alcance\"]::before{background:#fff;box-shadow:0 0 0 5px rgba(255,255,255,.20);}\n  #sosvirtual-quienes-somos .about-tab-panels{position:relative;min-height:430px;}\n  #sosvirtual-quienes-somos .about-tab-panel{display:none;grid-template-columns:minmax(0,.84fr) minmax(360px,1.16fr);gap:28px;align-items:stretch;padding:32px;min-height:430px;}\n  #sosvirtual-quienes-somos #tab-impacto:checked ~ .about-tab-panels #panel-impacto,\n  #sosvirtual-quienes-somos #tab-compromiso:checked ~ .about-tab-panels #panel-compromiso,\n  #sosvirtual-quienes-somos #tab-alcance:checked ~ .about-tab-panels #panel-alcance{display:grid;}\n  #sosvirtual-quienes-somos .about-panel-copy{display:grid;align-content:center;gap:18px;min-width:0;}\n  #sosvirtual-quienes-somos .about-panel-copy h2{margin:0;color:#153a68!important;font-size:clamp(32px,3vw,44px)!important;line-height:1.04!important;letter-spacing:-.04em!important;font-weight:600!important;}\n  #sosvirtual-quienes-somos .about-panel-copy p{margin:0;color:#58708b!important;font-size:18px!important;line-height:1.65!important;}\n  #sosvirtual-quienes-somos .about-panel-image{min-height:340px;border-radius:28px;overflow:hidden;box-shadow:0 22px 42px rgba(18,52,95,.12);border:1px solid rgba(255,255,255,.72);background:#dceaf4;}\n  #sosvirtual-quienes-somos .about-panel-image img{width:100%;height:100%;object-fit:cover;display:block;}\n  #sosvirtual-quienes-somos .audience-showcase{display:grid;grid-template-columns:minmax(0,.92fr) minmax(420px,1.08fr);gap:34px;align-items:center;}\n  #sosvirtual-quienes-somos .audience-copy{max-width:680px;}\n  #sosvirtual-quienes-somos .audience-list{display:grid;gap:18px;margin-top:28px;}\n  #sosvirtual-quienes-somos .audience-row{position:relative;display:flex;gap:14px;align-items:flex-start;padding:0 0 18px;border-bottom:1px solid rgba(21,58,104,.12);}\n  #sosvirtual-quienes-somos .audience-row::before{content:\"\";flex:0 0 11px;width:11px;height:11px;margin-top:9px;border-radius:999px;background:#00a9e0;box-shadow:0 0 0 7px rgba(0,169,224,.10);}\n  #sosvirtual-quienes-somos .audience-row:last-child{border-bottom:0;}\n  #sosvirtual-quienes-somos .audience-row h3{margin:0;color:#153a68!important;font-size:24px!important;line-height:1.15!important;font-weight:600!important;letter-spacing:-.025em!important;}\n  #sosvirtual-quienes-somos .audience-row p{margin:8px 0 0;color:#58708b!important;font-size:18px!important;line-height:1.58!important;}\n  #sosvirtual-quienes-somos .audience-support{margin-top:22px;padding:18px 20px;border-left:4px solid #00a9e0;background:rgba(0,169,224,.06);border-radius:16px;color:#153a68!important;font-size:18px!important;line-height:1.55!important;font-weight:600!important;}\n  #sosvirtual-quienes-somos .audience-visual{position:relative;min-height:560px;padding:34px 0 0 34px;}\n  #sosvirtual-quienes-somos .audience-visual::before{content:\"\";position:absolute;inset:0 0 auto auto;width:72%;height:86%;background:#d8eef9;border-radius:32px;}\n  #sosvirtual-quienes-somos .audience-image{position:relative;z-index:1;min-height:500px;overflow:hidden;border-radius:30px;border:1px solid rgba(255,255,255,.62);box-shadow:0 22px 48px rgba(18,52,95,.10);background:#dceaf4;}\n  #sosvirtual-quienes-somos .audience-image img{width:100%;height:100%;object-fit:cover;object-position:center 46%;display:block;}\n  #sosvirtual-quienes-somos .focus-impact-shell{display:grid;grid-template-columns:minmax(0,.84fr) minmax(0,1.16fr);gap:32px;align-items:start;padding:36px;border-radius:32px;background:linear-gradient(135deg,#f2f9fd 0%,#ffffff 72%);border:1px solid rgba(21,58,104,.12);box-shadow:0 12px 28px rgba(18,52,95,.055);}\n  #sosvirtual-quienes-somos .focus-impact-copy{max-width:470px;}\n  #sosvirtual-quienes-somos .focus-impact-grid{display:grid;grid-template-columns:repeat(2,minmax(0,1fr));gap:14px;}\n  #sosvirtual-quienes-somos .focus-impact-card{position:relative;overflow:hidden;min-height:138px;padding:24px;border-radius:24px;background:linear-gradient(180deg,rgba(255,255,255,.98),rgba(248,252,255,.92));border:1px solid rgba(21,58,104,.12);box-shadow:0 12px 28px rgba(18,52,95,.055);display:flex;align-items:center;}\n  #sosvirtual-quienes-somos .focus-impact-card::after{content:\"\";position:absolute;right:-42px;bottom:-42px;width:132px;height:132px;border-radius:999px;background:radial-gradient(circle,rgba(0,174,239,.08) 0%,rgba(0,174,239,0) 72%);pointer-events:none;}\n  #sosvirtual-quienes-somos .focus-impact-head{position:relative;z-index:1;display:flex;align-items:center;gap:18px;min-height:auto;}\n  #sosvirtual-quienes-somos .focus-impact-icon{flex:0 0 52px;width:52px;height:52px;display:flex;align-items:center;justify-content:center;border:0;background:transparent;box-shadow:none;}\n  #sosvirtual-quienes-somos .focus-impact-icon img{width:52px;height:52px;object-fit:contain;display:block;filter:drop-shadow(0 10px 16px rgba(0,169,224,.12));}\n  #sosvirtual-quienes-somos .focus-impact-card h3{position:relative;z-index:1;margin:0;color:#153a68!important;font-size:24px!important;line-height:1.18!important;font-weight:600!important;letter-spacing:-.025em!important;}\n  #sosvirtual-quienes-somos .footer{margin-top:20px;}\n  #sosvirtual-quienes-somos .brand-logo{height:38px;width:auto;display:block;}\n  #sosvirtual-quienes-somos p,#sosvirtual-quienes-somos li{font-size:18px!important;}\n  #sosvirtual-quienes-somos .btn{font-size:17px!important;}\n  @media(max-width:1180px){#sosvirtual-quienes-somos .about-tabs,#sosvirtual-quienes-somos .focus-impact-shell,#sosvirtual-quienes-somos .audience-showcase{grid-template-columns:1fr;}#sosvirtual-quienes-somos .about-tab-nav{border-right:0;border-bottom:1px solid rgba(21,58,104,.10);grid-template-columns:repeat(3,minmax(0,1fr));}#sosvirtual-quienes-somos .about-tab-panel{grid-template-columns:1fr;}#sosvirtual-quienes-somos .hero-grid{min-height:0;}}\n  @media(max-width:760px){#sosvirtual-quienes-somos .hero-grid,#sosvirtual-quienes-somos .focus-impact-grid{grid-template-columns:1fr;}#sosvirtual-quienes-somos .hero-about-card{min-height:320px;}#sosvirtual-quienes-somos .about-tab-nav{grid-template-columns:1fr;padding:18px;}#sosvirtual-quienes-somos .about-tab-panel{padding:22px;}#sosvirtual-quienes-somos .about-panel-image{min-height:260px;}#sosvirtual-quienes-somos .audience-visual{min-height:auto;padding:20px 0 0 18px;}#sosvirtual-quienes-somos .audience-image{min-height:340px;}#sosvirtual-quienes-somos .focus-impact-shell{padding:24px 18px;border-radius:26px;}#sosvirtual-quienes-somos .focus-impact-icon,#sosvirtual-quienes-somos .focus-impact-icon img{width:44px;height:44px;}#sosvirtual-quienes-somos .focus-impact-card h3{font-size:22px!important;}}\n<\/style>\n<div class=\"sosvirtual-interior\" id=\"sosvirtual-quienes-somos\">\n<div aria-hidden=\"true\" id=\"top\"><\/div>\n<section class=\"hero hero-about\">\n<div class=\"page-shell\">\n<div class=\"hero-grid\">\n<div class=\"hero-copy reveal\" style=\"--delay:20ms;\">\n<h1 class=\"hero-title\">Was ist SOSvirtual?<\/h1>\n<p class=\"hero-text\">SOSvirtual is the global digital learning service of SOS-Kinderdorf, offering courses, training programmes and digital learning solutions to strengthen the capacities of co-workers and partners across the organisation worldwide.<\/p>\n<\/div>\n<div aria-hidden=\"true\" class=\"hero-about-card reveal\" style=\"--delay:120ms;\"><\/div>\n<\/div>\n<\/div>\n<\/section>\n<section class=\"section\" id=\"quienes-panorama\">\n<div class=\"page-shell\">\n<div class=\"about-tabs reveal\" style=\"--delay:80ms;\">\n<input checked=\"\" id=\"tab-impacto\" name=\"about-tabs\" type=\"radio\"\/>\n<input id=\"tab-compromiso\" name=\"about-tabs\" type=\"radio\"\/>\n<input id=\"tab-alcance\" name=\"about-tabs\" type=\"radio\"\/>\n<div aria-label=\"Secciones de panorama\" class=\"about-tab-nav\">\n<label class=\"about-tab-label\" for=\"tab-impacto\">Lernen, das Wirkung erzielt<\/label>\n<label class=\"about-tab-label\" for=\"tab-compromiso\">Unser Engagement<\/label>\n<label class=\"about-tab-label\" for=\"tab-alcance\">Globale Reichweite<\/label>\n<\/div>\n<div class=\"about-tab-panels\">\n<article class=\"about-tab-panel\" id=\"panel-impacto\">\n<div class=\"about-panel-copy\">\n<h2>Lernen, das Wirkung erzielt<\/h2>\n<p>At SOS-Kinderdorf, the quality of the services provided in our programmes depends on the capacities of those who implement them, especially those who provide direct care to children, adolescents, young people and families.<\/p>\n<p>Through SOSvirtual, we facilitate relevant and accessible digital learning that strengthens capacities in child safeguarding, care and programme quality, in line with organisational standards, thereby helping to improve the quality, coherence and impact of our services.<\/p>\n<\/div>\n<div class=\"about-panel-image\"><img alt=\"Personas vinculadas al trabajo de SOS-Kinderdorf\" src=\"https:\/\/sosvirtual.aldeasinfantilessos.org\/recursos_web_2026\/interiores\/imagenes\/quienes-panorama-impacto.jpg?v=20260429-all12\"\/><\/div>\n<\/article>\n<article class=\"about-tab-panel\" id=\"panel-compromiso\">\n<div class=\"about-panel-copy\">\n<h2>Unser Engagement<\/h2>\n<p>We promote and facilitate continuous learning to strengthen the quality of care and the impact of services delivered in our programmes, helping children, adolescents, young people and families receive the support they need to develop their full potential.<\/p>\n<\/div>\n<div class=\"about-panel-image\"><img alt=\"Equipo de SOS-Kinderdorf\" src=\"https:\/\/sosvirtual.aldeasinfantilessos.org\/recursos_web_2026\/interiores\/imagenes\/quienes-panorama-compromiso.jpg?v=20260429-all12\"\/><\/div>\n<\/article>\n<article class=\"about-tab-panel\" id=\"panel-alcance\">\n<div class=\"about-panel-copy\">\n<h2>Globale Reichweite<\/h2>\n<p>SOSvirtual promotes learning at a global level, offering services to Member Associations and global teams through a consistent, high-quality learning offer adapted to diverse contexts and cultures.<\/p>\n<\/div>\n<div class=\"about-panel-image\"><img alt=\"Equipo comunitario de SOS-Kinderdorf\" src=\"https:\/\/sosvirtual.aldeasinfantilessos.org\/recursos_web_2026\/interiores\/imagenes\/quienes-panorama-alcance.jpg?v=20260429-all12\"\/><\/div>\n<\/article>\n<\/div>\n<\/div>\n<\/div>\n<\/section>\n<section class=\"section section-soft\" id=\"a-quien-apoyamos\">\n<div class=\"page-shell\">\n<div class=\"audience-showcase\">\n<div class=\"audience-copy reveal\" style=\"--delay:40ms;\">\n<h2 class=\"section-title\">Wen unterst\u00fctzen wir?<\/h2>\n<p class=\"section-text\">We facilitate access to learning opportunities for:<\/p>\n<div class=\"audience-list\">\n<div class=\"audience-row\">\n<div>\n<h3>SOS-Kinderdorf co-workers<\/h3>\n<p>Including direct care staff, programme teams and staff from Member Associations.<\/p>\n<\/div>\n<\/div>\n<div class=\"audience-row\">\n<div>\n<h3>Strategic partners and allies<\/h3>\n<\/div>\n<\/div>\n<div class=\"audience-row\">\n<div>\n<h3>SOS programmes<\/h3>\n<p>People involved in implementing SOS programmes around the world.<\/p>\n<\/div>\n<\/div>\n<\/div>\n<p class=\"audience-support\">We promote the development of their capacities to appropriately support children, adolescents, young people and families, in line with the organisation\u2019s standards.<\/p>\n<\/div>\n<div aria-hidden=\"true\" class=\"audience-visual reveal\" style=\"--delay:120ms;\">\n<div class=\"audience-image\"><img alt=\"\" src=\"https:\/\/sosvirtual.aldeasinfantilessos.org\/recursos_web_2026\/interiores\/imagenes\/quienes-audiencia-equipo.jpg?v=20260429-all12\"\/><\/div>\n<\/div>\n<\/div>\n<\/div>\n<\/section>\n<section class=\"section\" id=\"nuestro-enfoque\">\n<div class=\"page-shell\">\n<div class=\"focus-impact-shell\">\n<div class=\"focus-impact-copy reveal\" style=\"--delay:40ms;\">\n<h2 class=\"section-title\">Unser Ansatz<\/h2>\n<p class=\"section-text\">We provide learning experiences that respond to the needs of those implementing our programmes:<\/p>\n<\/div>\n<div class=\"focus-impact-grid\">\n<article class=\"focus-impact-card reveal\" style=\"--delay:70ms;\">\n<div class=\"focus-impact-head\"><div aria-hidden=\"true\" class=\"focus-impact-icon\"><img alt=\"\" src=\"https:\/\/sosvirtual.aldeasinfantilessos.org\/recursos_web_2026\/recursos\/Iconos\/svg\/Education.svg?v=20260429-all12\"\/><\/div><h3>Flexibles und zug\u00e4ngliches Lernen<\/h3><\/div>\n<\/article>\n<article class=\"focus-impact-card reveal\" style=\"--delay:110ms;\">\n<div class=\"focus-impact-head\"><div aria-hidden=\"true\" class=\"focus-impact-icon\"><img alt=\"\" src=\"https:\/\/sosvirtual.aldeasinfantilessos.org\/recursos_web_2026\/recursos\/Iconos\/svg\/Training.svg?v=20260429-all12\"\/><\/div><h3>F\u00fcr jeden Kontext relevante Inhalte<\/h3><\/div>\n<\/article>\n<article class=\"focus-impact-card reveal\" style=\"--delay:150ms;\">\n<div class=\"focus-impact-head\"><div aria-hidden=\"true\" class=\"focus-impact-icon\"><img alt=\"\" src=\"https:\/\/sosvirtual.aldeasinfantilessos.org\/recursos_web_2026\/recursos\/Iconos\/svg\/WirkungCountries.svg?v=20260429-all12\"\/><\/div><h3>Global skalierbare L\u00f6sungen<\/h3><\/div>\n<\/article>\n<article class=\"focus-impact-card reveal\" style=\"--delay:190ms;\">\n<div class=\"focus-impact-head\"><div aria-hidden=\"true\" class=\"focus-impact-icon\"><img alt=\"\" src=\"https:\/\/sosvirtual.aldeasinfantilessos.org\/recursos_web_2026\/recursos\/Iconos\/svg\/Dialog.svg?v=20260429-all12\"\/><\/div><h3>Nutzerzentrierte Erfahrungen<\/h3><\/div>\n<\/article>\n<\/div>\n<\/div>\n<\/div>\n<\/section>\n<footer class=\"footer\">\n<div class=\"page-shell\">\n<div class=\"footer-main\">\n<div class=\"footer-brand reveal\" style=\"--delay:60ms;\">\n<a href=\"\/de\/nuevo_home_v3\/\"><img alt=\"SOSvirtual\" class=\"brand-logo\" src=\"https:\/\/sosvirtual.aldeasinfantilessos.org\/recursos_web_2026\/home_final\/logo2.png?v=20260429-all12\"\/><\/a>\n<div class=\"footer-brand-meta\">Globale Lernplattform<\/div>\n<div class=\"footer-brand-rule\"><\/div>\n<p>SOSvirtual b\u00fcndelt Lernerfahrungen, um Kapazit\u00e4ten zu st\u00e4rken, Wissen zu teilen und die Arbeit mit Kindern, jungen Menschen und Familien besser zu unterst\u00fctzen.<\/p>\n<\/div>\n<div class=\"footer-col reveal\" style=\"--delay:120ms;\">\n<h4>Entdecken<\/h4>\n<div class=\"footer-links\">\n<a href=\"\/de\/nuevo_home_v3\/#selector-pais\">Land ausw\u00e4hlen<\/a>\n<a href=\"\/de\/como-empezar\/\">So starten Sie<\/a>\n<a href=\"\/de\/quienes-somos\/\">Was ist SOSvirtual<\/a>\n<a href=\"\/de\/nuevo_home_v3\/#app-sosvirtual\">SOSvirtual-App<\/a>\n<\/div>\n<\/div>\n<div class=\"footer-col reveal\" id=\"footer-support\" style=\"--delay:240ms;\">\n<h4>Unterst\u00fctzung<\/h4>\n<div class=\"footer-links\">\n<a href=\"https:\/\/iservice.sos-kd.org\/servicedesk\/customer\/portal\/17\" rel=\"noopener noreferrer\" target=\"_blank\">Help Center<\/a>\n<a href=\"https:\/\/iservice.sos-kd.org\/servicedesk\/customer\/portal\/17\" rel=\"noopener noreferrer\" target=\"_blank\">Kontakt<\/a>\n<a href=\"\/de\/privacy-policy\/\">Datenschutzerkl\u00e4rung<\/a>\n<a href=\"\/de\/terms-of-use\/\">Nutzungsbedingungen<\/a>\n<\/div>\n<\/div>\n<\/div>\n<div class=\"footer-bottom\">\n<div class=\"footer-legal\">\u00a9 2026 SOSvirtual \u00b7 SOS-Kinderdorf \u00b7 Institutionelle Lernplattform.<\/div>\n<\/div>\n<\/div>\n<\/footer>\n<div class=\"floating-helpdesk\">\n<input class=\"floating-helpdesk-check\" id=\"floating-helpdesk-toggle-control\" type=\"checkbox\"\/>\n<label aria-label=\"Ben\u00f6tigen Sie Hilfe?\" class=\"floating-helpdesk-toggle\" for=\"floating-helpdesk-toggle-control\">\n<span aria-hidden=\"true\" class=\"floating-helpdesk-icon\"><\/span>\n<span class=\"floating-helpdesk-text\">Ben\u00f6tigen Sie Hilfe?<\/span>\n<span aria-hidden=\"true\" class=\"floating-helpdesk-caret\"><\/span>\n<\/label>\n<div class=\"floating-helpdesk-panel\">\n<a class=\"floating-helpdesk-action\" href=\"https:\/\/iservice.sos-kd.org\/servicedesk\/customer\/portal\/17\" rel=\"noopener noreferrer\" target=\"_blank\">\n<span class=\"floating-helpdesk-action-title\">Help Desk<\/span>\n<span class=\"floating-helpdesk-action-note\">F\u00fcr Organisationskonten<\/span>\n<\/a>\n<a class=\"floating-helpdesk-action\" href=\"mailto:support.sosvirtual@sos-kd.org?subject=SOSvirtual%20Unterst\u00fctzung\">\n<span class=\"floating-helpdesk-action-title\">Unterst\u00fctzung-E-Mail<\/span>\n<span class=\"floating-helpdesk-action-note\">Unterst\u00fctzung per E-Mail<\/span>\n<\/a>\n<\/div>\n<\/div>\n<\/div>\n<script defer=\"\" src=\"https:\/\/sosvirtual.aldeasinfantilessos.org\/recursos_web_2026\/interiores\/interiores.js?v=20260429-all12\"><\/script>\n<script src=\"https:\/\/sosvirtual.aldeasinfantilessos.org\/recursos_web_2026\/platform_link_fix.js?v=20260429-all12\"><\/script>\n<\/div><\/div><\/div><\/div>\n","protected":false},"excerpt":{"rendered":"","protected":false},"author":1,"featured_media":0,"parent":0,"menu_order":0,"comment_status":"closed","ping_status":"closed","template":"100-width.php","meta":[],"_links":{"self":[{"href":"https:\/\/sosvirtual.aldeasinfantilessos.org\/de\/wp-json\/wp\/v2\/pages\/25514"}],"collection":[{"href":"https:\/\/sosvirtual.aldeasinfantilessos.org\/de\/wp-json\/wp\/v2\/pages"}],"about":[{"href":"https:\/\/sosvirtual.aldeasinfantilessos.org\/de\/wp-json\/wp\/v2\/types\/page"}],"author":[{"embeddable":true,"href":"https:\/\/sosvirtual.aldeasinfantilessos.org\/de\/wp-json\/wp\/v2\/users\/1"}],"replies":[{"embeddable":true,"href":"https:\/\/sosvirtual.aldeasinfantilessos.org\/de\/wp-json\/wp\/v2\/comments?post=25514"}],"version-history":[{"count":2,"href":"https:\/\/sosvirtual.aldeasinfantilessos.org\/de\/wp-json\/wp\/v2\/pages\/25514\/revisions"}],"predecessor-version":[{"id":25594,"href":"https:\/\/sosvirtual.aldeasinfantilessos.org\/de\/wp-json\/wp\/v2\/pages\/25514\/revisions\/25594"}],"wp:attachment":[{"href":"https:\/\/sosvirtual.aldeasinfantilessos.org\/de\/wp-json\/wp\/v2\/media?parent=25514"}],"curies":[{"name":"wp","href":"https:\/\/api.w.org\/{rel}","templated":true}]}}