{"id":25257,"date":"2026-04-01T12:49:54","date_gmt":"2026-04-01T12:49:54","guid":{"rendered":"https:\/\/sosvirtual.aldeasinfantilessos.org\/?page_id=25257"},"modified":"2026-05-04T14:08:27","modified_gmt":"2026-05-04T14:08:27","slug":"servicios","status":"publish","type":"page","link":"https:\/\/sosvirtual.aldeasinfantilessos.org\/es\/servicios\/","title":{"rendered":"Servicios"},"content":{"rendered":"<div class=\"fusion-fullwidth fullwidth-box fusion-builder-row-1 fusion-flex-container has-pattern-background has-mask-background hundred-percent-fullwidth non-hundred-percent-height-scrolling\" style=\"--awb-border-radius-top-left:0px;--awb-border-radius-top-right:0px;--awb-border-radius-bottom-right:0px;--awb-border-radius-bottom-left:0px;--awb-padding-right:0px;--awb-padding-left:0px;--awb-flex-wrap:wrap;\" ><div class=\"fusion-builder-row fusion-row fusion-flex-align-items-flex-start fusion-flex-content-wrap\" style=\"width:104% !important;max-width:104% !important;margin-left: calc(-4% \/ 2 );margin-right: calc(-4% \/ 2 );\"><div class=\"fusion-layout-column fusion_builder_column fusion-builder-column-0 fusion_builder_column_1_1 1_1 fusion-flex-column\" style=\"--awb-bg-size:cover;--awb-width-large:100%;--awb-margin-top-large:0px;--awb-spacing-right-large:1.92%;--awb-margin-bottom-large:0px;--awb-spacing-left-large:1.92%;--awb-width-medium:100%;--awb-order-medium:0;--awb-spacing-right-medium:1.92%;--awb-spacing-left-medium:1.92%;--awb-width-small:100%;--awb-order-small:0;--awb-spacing-right-small:1.92%;--awb-spacing-left-small:1.92%;\" data-motion-effects=\"[{&quot;type&quot;:&quot;&quot;,&quot;scroll_type&quot;:&quot;transition&quot;,&quot;scroll_direction&quot;:&quot;up&quot;,&quot;transition_speed&quot;:&quot;1&quot;,&quot;fade_type&quot;:&quot;in&quot;,&quot;scale_type&quot;:&quot;up&quot;,&quot;initial_scale&quot;:&quot;1&quot;,&quot;max_scale&quot;:&quot;1.5&quot;,&quot;min_scale&quot;:&quot;0.5&quot;,&quot;initial_rotate&quot;:&quot;0&quot;,&quot;end_rotate&quot;:&quot;30&quot;,&quot;initial_blur&quot;:&quot;0&quot;,&quot;end_blur&quot;:&quot;3&quot;,&quot;start_element&quot;:&quot;top&quot;,&quot;start_viewport&quot;:&quot;bottom&quot;,&quot;end_element&quot;:&quot;bottom&quot;,&quot;end_viewport&quot;:&quot;top&quot;,&quot;mouse_effect&quot;:&quot;track&quot;,&quot;mouse_effect_direction&quot;:&quot;opposite&quot;,&quot;mouse_effect_speed&quot;:&quot;2&quot;,&quot;infinite_animation&quot;:&quot;float&quot;,&quot;infinite_animation_speed&quot;:&quot;2&quot;}]\" data-scroll-devices=\"small-visibility,medium-visibility,large-visibility\"><div class=\"fusion-column-wrapper fusion-column-has-shadow fusion-flex-justify-content-flex-start fusion-content-layout-column\"><link rel=\"stylesheet\" href=\"https:\/\/sosvirtual.aldeasinfantilessos.org\/recursos_web_2026\/interiores\/interiores.css?v=20260429-all3\">\n<style>\n  #sosvirtual-servicios .hero{padding:42px 0 34px;}\n  #sosvirtual-servicios .hero-grid{min-height:540px;}\n  #sosvirtual-servicios .hero-about-card{position:relative;min-height:390px;border-radius:34px;overflow:hidden;background:linear-gradient(180deg,rgba(255,255,255,.04),rgba(255,255,255,.02)),url('https:\/\/sosvirtual.aldeasinfantilessos.org\/recursos_web_2026\/interiores\/imagenes\/servicios-hero.jpg?v=20260429-all3') center 50%\/cover no-repeat;box-shadow:0 24px 58px rgba(18,52,95,.12);}\n  #sosvirtual-servicios .about-tabs{display:grid;grid-template-columns:300px minmax(0,1fr);gap:0;margin-top:30px;border-radius:32px;overflow:hidden;background:linear-gradient(180deg,#fff,#f8fcff);border:1px solid rgba(21,58,104,.10);box-shadow:0 22px 48px rgba(18,52,95,.07);}\n  #sosvirtual-servicios .about-tabs input{position:absolute;opacity:0;pointer-events:none;}\n  #sosvirtual-servicios .about-tab-nav{display:grid;gap:10px;align-content:start;padding:24px;border-right:1px solid rgba(21,58,104,.10);background:linear-gradient(180deg,rgba(242,249,253,.86),rgba(255,255,255,.72));}\n  #sosvirtual-servicios .about-tab-label{display:flex;align-items:center;gap:13px;min-height:72px;padding:14px 16px;border-radius:20px;background:rgba(255,255,255,.72);border:1px solid rgba(0,169,224,.14);color:#153a68!important;font-size:17px!important;font-weight:700!important;line-height:1.25!important;cursor:pointer;transition:background .18s ease,color .18s ease,transform .18s ease,box-shadow .18s ease;}\n  #sosvirtual-servicios .about-tab-label::before{content:\"\";width:10px;height:10px;flex:0 0 10px;border-radius:999px;background:#8ed8f4;box-shadow:0 0 0 5px rgba(142,216,244,.16);}\n  #sosvirtual-servicios .about-tab-label:hover{transform:translateY(-1px);background:#fff;box-shadow:0 12px 24px rgba(18,52,95,.06);}\n  #sosvirtual-servicios #service-catalogo:checked ~ .about-tab-nav label[for=\"service-catalogo\"],\n  #sosvirtual-servicios #service-formacion:checked ~ .about-tab-nav label[for=\"service-formacion\"],\n  #sosvirtual-servicios #service-medida:checked ~ .about-tab-nav label[for=\"service-medida\"]{background:linear-gradient(135deg,#00a9e0,#28bee8);color:#fff!important;box-shadow:0 18px 32px rgba(0,169,224,.20);}\n  #sosvirtual-servicios #service-catalogo:checked ~ .about-tab-nav label[for=\"service-catalogo\"]::before,\n  #sosvirtual-servicios #service-formacion:checked ~ .about-tab-nav label[for=\"service-formacion\"]::before,\n  #sosvirtual-servicios #service-medida:checked ~ .about-tab-nav label[for=\"service-medida\"]::before{background:#fff;box-shadow:0 0 0 5px rgba(255,255,255,.20);}\n  #sosvirtual-servicios .about-tab-panels{position:relative;min-height:430px;}\n  #sosvirtual-servicios .about-tab-panel{display:none;grid-template-columns:minmax(0,.88fr) minmax(340px,1.12fr);gap:28px;align-items:center;padding:32px;min-height:430px;}\n  #sosvirtual-servicios #service-catalogo:checked ~ .about-tab-panels #panel-catalogo,\n  #sosvirtual-servicios #service-formacion:checked ~ .about-tab-panels #panel-formacion,\n  #sosvirtual-servicios #service-medida:checked ~ .about-tab-panels #panel-medida{display:grid;}\n  #sosvirtual-servicios .about-panel-copy{display:grid;align-content:center;gap:18px;min-width:0;}\n  #sosvirtual-servicios .about-panel-copy h3{margin:0;color:#153a68!important;font-size:clamp(31px,3vw,42px)!important;line-height:1.04!important;letter-spacing:-.04em!important;font-weight:600!important;}\n  #sosvirtual-servicios .about-panel-copy p{margin:0;color:#58708b!important;font-size:18px!important;line-height:1.65!important;}\n  #sosvirtual-servicios .about-panel-divider{height:1px;background:rgba(21,58,104,.10);margin:4px 0 0;}\n  #sosvirtual-servicios .include-kicker{display:inline-flex;align-items:center;gap:8px;margin-top:2px;color:#6f88a2!important;font-size:12px!important;font-weight:800!important;letter-spacing:.14em!important;text-transform:uppercase!important;}\n  #sosvirtual-servicios .include-kicker::before{content:\"\";width:8px;height:8px;border-radius:999px;background:#00a9e0;display:inline-block;}\n  #sosvirtual-servicios .about-panel-list{display:grid;grid-template-columns:repeat(2,minmax(0,1fr));gap:10px 22px;margin:0;padding:0;list-style:none;}\n  #sosvirtual-servicios .about-panel-list li{display:flex;gap:12px;align-items:flex-start;color:#183f70!important;font-size:18px!important;line-height:1.48!important;}\n  #sosvirtual-servicios .about-panel-list li::before{content:\"\";flex:0 0 9px;width:9px;height:9px;margin-top:.58em;border-radius:999px;background:#00a9e0;box-shadow:0 0 0 5px rgba(0,169,224,.10);}\n  #sosvirtual-servicios .about-panel-image{height:310px;max-height:310px;border-radius:28px;overflow:hidden;box-shadow:0 18px 34px rgba(18,52,95,.10);border:1px solid rgba(255,255,255,.72);background:#dceaf4;}\n  #sosvirtual-servicios .about-panel-image img{width:100%;height:100%;object-fit:cover;display:block;}\n  #sosvirtual-servicios .support-showcase{display:grid;grid-template-columns:minmax(0,.94fr) minmax(320px,.72fr);gap:30px;align-items:center;margin-top:34px;padding:30px;border-radius:32px;background:linear-gradient(135deg,#f2f9fd 0%,#fff 72%);border:1px solid rgba(21,58,104,.12);box-shadow:0 12px 28px rgba(18,52,95,.055);}\n  #sosvirtual-servicios .support-showcase h2{margin:0;color:#153a68!important;font-size:clamp(32px,3vw,48px)!important;line-height:1.05!important;letter-spacing:-.04em!important;}\n  #sosvirtual-servicios .support-showcase p{margin:12px 0 0;color:#58708b!important;font-size:18px!important;line-height:1.6!important;}\n  #sosvirtual-servicios .support-showcase .btn{margin-top:22px;border-radius:16px!important;min-height:54px!important;padding:14px 24px!important;}\n  #sosvirtual-servicios .support-image-wrap{position:relative;min-height:250px;padding:20px 0 0 20px;}\n  #sosvirtual-servicios .support-image-wrap::before{content:\"\";position:absolute;inset:0 0 auto auto;width:76%;height:86%;border-radius:30px;background:#d8eef9;}\n  #sosvirtual-servicios .support-image{position:relative;z-index:1;height:240px;border-radius:26px;overflow:hidden;box-shadow:0 18px 36px rgba(18,52,95,.12);border:1px solid rgba(255,255,255,.62);background:#dceaf4;}\n  #sosvirtual-servicios .support-image img{width:100%;height:100%;object-fit:cover;display:block;}\n  #sosvirtual-servicios p,#sosvirtual-servicios li{font-size:18px!important;}\n  #sosvirtual-servicios .btn{font-size:17px!important;}\n  #sosvirtual-servicios .footer{margin-top:20px;}\n  #sosvirtual-servicios .brand-logo{height:38px;width:auto;display:block;}\n  @media(max-width:1180px){#sosvirtual-servicios .about-tabs,#sosvirtual-servicios .support-showcase{grid-template-columns:1fr;}#sosvirtual-servicios .about-tab-nav{border-right:0;border-bottom:1px solid rgba(21,58,104,.10);grid-template-columns:repeat(3,minmax(0,1fr));}#sosvirtual-servicios .about-tab-panel{grid-template-columns:1fr;}#sosvirtual-servicios .hero-grid{min-height:0;}}\n  @media(max-width:760px){#sosvirtual-servicios .hero-grid{grid-template-columns:1fr;}#sosvirtual-servicios .hero-about-card{min-height:320px;}#sosvirtual-servicios .about-tab-nav{grid-template-columns:1fr;padding:18px;}#sosvirtual-servicios .about-tab-panel{padding:22px;}#sosvirtual-servicios .about-panel-list{grid-template-columns:1fr;}#sosvirtual-servicios .about-panel-image{height:250px;max-height:250px;}#sosvirtual-servicios .support-showcase{padding:24px 18px;border-radius:26px;}#sosvirtual-servicios .support-image-wrap{min-height:auto;padding:18px 0 0 16px;}#sosvirtual-servicios .support-image{height:200px;}}\n<\/style>\n<div class=\"sosvirtual-interior\" id=\"sosvirtual-servicios\">\n  <div id=\"top\" aria-hidden=\"true\"><\/div>\n  <section class=\"hero\">\n    <div class=\"page-shell\">\n      <div class=\"hero-grid\">\n        <div class=\"hero-copy reveal\" style=\"--delay:20ms;\">\n          <div class=\"section-kicker\">Servicios<\/div>\n          <h1 class=\"hero-title\">Soluciones de aprendizaje digital para <span>Aldeas Infantiles SOS<\/span><\/h1>\n          <p class=\"hero-text\">Acompa\u00f1amos a asociaciones miembro, equipos globales y aliados con cursos, programas y soluciones de aprendizaje digital alineadas con las prioridades de la organizaci\u00f3n.<\/p>\n        <\/div>\n        <div class=\"hero-about-card reveal\" style=\"--delay:120ms;\" aria-hidden=\"true\"><\/div>\n      <\/div>\n    <\/div>\n  <\/section>\n\n  <section class=\"section\" id=\"servicios-principales\">\n    <div class=\"page-shell\">\n      <div class=\"section-head reveal\" style=\"--delay:20ms;\">\n        <div class=\"section-kicker\">Servicios principales<\/div>\n        <h2 class=\"section-title\">Tres formas de apoyar el aprendizaje digital<\/h2>\n        <p class=\"section-text\">Selecciona cada servicio para revisar el enfoque, los componentes principales y el tipo de apoyo disponible.<\/p>\n      <\/div>\n\n      <div class=\"about-tabs reveal\" style=\"--delay:70ms;\">\n        <input type=\"radio\" name=\"service-tabs\" id=\"service-catalogo\" checked>\n        <input type=\"radio\" name=\"service-tabs\" id=\"service-formacion\">\n        <input type=\"radio\" name=\"service-tabs\" id=\"service-medida\">\n\n        <div class=\"about-tab-nav\" aria-label=\"Servicios de SOSvirtual\">\n          <label class=\"about-tab-label\" for=\"service-catalogo\">Cursos mandatorios y de acceso global<\/label>\n          <label class=\"about-tab-label\" for=\"service-formacion\">Formaci\u00f3n contextualizada al trabajo de Aldeas Infantiles SOS<\/label>\n          <label class=\"about-tab-label\" for=\"service-medida\">Desarrollo de cursos y soluciones de aprendizaje digital a medida<\/label>\n        <\/div>\n\n        <div class=\"about-tab-panels\">\n          <article class=\"about-tab-panel\" id=\"panel-catalogo\">\n            <div class=\"about-panel-copy\">\n              <h3>Cursos mandatorios y de acceso global<\/h3>\n              <p>A trav\u00e9s de nuestra plataforma de aprendizaje (LMS), facilitamos el acceso a cursos virtuales mandatorios sobre pol\u00edticas y est\u00e1ndares organizacionales que orientan el trabajo de cada colaborador y colaboradora en Aldeas Infantiles SOS en todo el mundo.<\/p>\n              <div class=\"about-panel-divider\"><\/div>\n              <div class=\"include-kicker\">Incluye<\/div>\n              <ul class=\"about-panel-list\">\n                <li>Acceso a plataforma con credenciales organizacionales.<\/li>\n                <li>Cursos en m\u00e1s de 18 idiomas.<\/li>\n                <li>Reportes de participaci\u00f3n y compleci\u00f3n para roles de liderazgo y gerencia.<\/li>\n                <li>Disponibilidad 24\/7 y App m\u00f3vil.<\/li>\n                <li>Soporte t\u00e9cnico y mesa de ayuda.<\/li>\n              <\/ul>\n            <\/div>\n            <div class=\"about-panel-image\"><img src=\"https:\/\/sosvirtual.aldeasinfantilessos.org\/recursos_web_2026\/interiores\/imagenes\/servicios-catalogo.jpg?v=20260429-all3\" alt=\"Acceso a cursos y programas desde SOSvirtual\"><\/div>\n          <\/article>\n\n          <article class=\"about-tab-panel\" id=\"panel-formacion\">\n            <div class=\"about-panel-copy\">\n              <h3>Formaci\u00f3n contextualizada al trabajo de Aldeas Infantiles SOS<\/h3>\n              <p>Ofrecemos formaci\u00f3n global y soluciones de aprendizaje flexibles para las asociaciones miembro, disponibles bajo demanda y adaptadas a las necesidades de colaboradores, equipos y programas, asegurando una experiencia de aprendizaje relevante, consistente y alineada con las prioridades organizacionales.<\/p>\n              <div class=\"about-panel-divider\"><\/div>\n              <div class=\"include-kicker\">Incluye<\/div>\n              <ul class=\"about-panel-list\">\n                <li>Acceso a un cat\u00e1logo e-learning con m\u00e1s de 80 cursos virtuales.<\/li>\n                <li>Dise\u00f1o de rutas de aprendizaje por rol o funci\u00f3n.<\/li>\n                <li>Apoyo a iniciativas nacionales de formaci\u00f3n.<\/li>\n                <li>Rutas y programas de formaci\u00f3n por tem\u00e1ticas clave.<\/li>\n                <li>Adaptaci\u00f3n y traducci\u00f3n de cursos a diferentes idiomas y contextos.<\/li>\n                <li>Asesor\u00eda en la identificaci\u00f3n de necesidades de formaci\u00f3n.<\/li>\n              <\/ul>\n            <\/div>\n            <div class=\"about-panel-image\"><img src=\"https:\/\/sosvirtual.aldeasinfantilessos.org\/recursos_web_2026\/interiores\/imagenes\/servicios-formacion.jpg?v=20260429-all3\" alt=\"Aprendizaje contextualizado al trabajo de Aldeas Infantiles SOS\"><\/div>\n          <\/article>\n\n          <article class=\"about-tab-panel\" id=\"panel-medida\">\n            <div class=\"about-panel-copy\">\n              <h3>Desarrollo de cursos y soluciones de aprendizaje digital a medida<\/h3>\n              <p>Dise\u00f1amos e implementamos cursos e-learning y soluciones de aprendizaje digital a demanda de las Asociaciones Miembro, adaptadas a sus contextos y necesidades, y alineadas con las prioridades organizacionales para fortalecer las capacidades del personal a nivel local.<\/p>\n              <div class=\"about-panel-divider\"><\/div>\n              <div class=\"include-kicker\">Incluye<\/div>\n              <ul class=\"about-panel-list\">\n                <li>Identificaci\u00f3n de necesidades de formaci\u00f3n local.<\/li>\n                <li>Desarrollo de soluciones para grupos espec\u00edficos, como personal de cuidado directo, j\u00f3venes, juntas directivas y voluntariado.<\/li>\n                <li>Desarrollo de nuevos cursos e-learning y contenidos de aprendizaje espec\u00edficos.<\/li>\n              <\/ul>\n            <\/div>\n            <div class=\"about-panel-image\"><img src=\"https:\/\/sosvirtual.aldeasinfantilessos.org\/recursos_web_2026\/interiores\/imagenes\/servicios-medida.jpg?v=20260429-all3\" alt=\"Soluciones de aprendizaje digital a medida\"><\/div>\n          <\/article>\n        <\/div>\n      <\/div>\n\n      <div class=\"support-showcase reveal\" style=\"--delay:100ms;\">\n        <div>\n          <div class=\"section-kicker\">Contacto<\/div>\n          <h2>\u00bfQuiere saber m\u00e1s?<\/h2>\n          <p>Cont\u00e1ctanos para revisar c\u00f3mo SOSvirtual puede apoyar una iniciativa de aprendizaje digital.<\/p>\n          <a class=\"btn btn-primary\" href=\"mailto:support.sosvirtual@sos-kd.org?subject=Consulta%20sobre%20servicios%20SOSvirtual\">Escribir al equipo de SOSvirtual<\/a>\n        <\/div>\n        <div class=\"support-image-wrap\" aria-hidden=\"true\">\n          <div class=\"support-image\"><img src=\"https:\/\/sosvirtual.aldeasinfantilessos.org\/recursos_web_2026\/interiores\/imagenes\/servicios-contacto.jpg?v=20260429-all3\" alt=\"\"><\/div>\n        <\/div>\n      <\/div>\n    <\/div>\n  <\/section>\n\n  <footer class=\"footer\">\n    <div class=\"page-shell\">\n      <div class=\"footer-main\">\n        <div class=\"footer-brand reveal\" style=\"--delay:60ms;\">\n          <a href=\"\/es\/nuevo_home_v3\/\"><img class=\"brand-logo\" src=\"https:\/\/sosvirtual.aldeasinfantilessos.org\/recursos_web_2026\/home_final\/logo2.png?v=20260429-all3\" alt=\"SOSvirtual\"><\/a>\n          <div class=\"footer-brand-meta\">Plataforma global de aprendizaje<\/div>\n          <div class=\"footer-brand-rule\"><\/div>\n          <p>SOSvirtual re\u00fane experiencias de aprendizaje para fortalecer capacidades, compartir conocimiento y acompa\u00f1ar mejor el trabajo con ni\u00f1as, ni\u00f1os, j\u00f3venes y familias.<\/p>\n        <\/div>\n\n        <div class=\"footer-col reveal\" style=\"--delay:120ms;\">\n          <h4>Explorar<\/h4>\n          <div class=\"footer-links\">\n            <a href=\"\/es\/nuevo_home_v3\/#selector-pais\">Selecciona tu pa\u00eds<\/a>\n            <a href=\"\/es\/como-empezar\/\">\u00bfC\u00f3mo empezar?<\/a>\n            <a href=\"\/es\/quienes-somos\/\">Qu\u00e9 es SOSvirtual<\/a>\n            <a href=\"\/es\/nuevo_home_v3\/#app-sosvirtual\">App SOSvirtual<\/a>\n          <\/div>\n        <\/div>\n\n        <div class=\"footer-col reveal\" id=\"footer-support\" style=\"--delay:240ms;\">\n          <h4>Soporte<\/h4>\n          <div class=\"footer-links\">\n            <a href=\"https:\/\/iservice.sos-kd.org\/servicedesk\/customer\/portal\/17\" target=\"_blank\" rel=\"noopener noreferrer\">Centro de ayuda<\/a>\n            <a href=\"https:\/\/iservice.sos-kd.org\/servicedesk\/customer\/portal\/17\" target=\"_blank\" rel=\"noopener noreferrer\">Contacto<\/a>\n            <a href=\"\/es\/politica-de-privacidad\/\">Pol\u00edtica de privacidad<\/a>\n            <a href=\"\/es\/terminos-de-uso\/\">T\u00e9rminos de uso<\/a>\n          <\/div>\n        <\/div>\n      <\/div>\n\n      <div class=\"footer-bottom\">\n        <div class=\"footer-legal\">\u00a9 2026 SOSvirtual \u00b7 Aldeas Infantiles SOS \u00b7 Plataforma de aprendizaje institucional.<\/div>\n      <\/div>\n    <\/div>\n  <\/footer>\n\n  <div class=\"floating-helpdesk\">\n    <input class=\"floating-helpdesk-check\" type=\"checkbox\" id=\"floating-helpdesk-toggle-control-servicios\">\n    <label class=\"floating-helpdesk-toggle\" for=\"floating-helpdesk-toggle-control-servicios\" aria-label=\"\u00bfNecesitas ayuda?\">\n      <span class=\"floating-helpdesk-icon\" aria-hidden=\"true\"><\/span>\n      <span class=\"floating-helpdesk-text\">\u00bfNecesitas ayuda?<\/span>\n      <span class=\"floating-helpdesk-caret\" aria-hidden=\"true\"><\/span>\n    <\/label>\n    <div class=\"floating-helpdesk-panel\">\n      <a class=\"floating-helpdesk-action\" href=\"https:\/\/iservice.sos-kd.org\/servicedesk\/customer\/portal\/17\" target=\"_blank\" rel=\"noopener noreferrer\">\n        <span class=\"floating-helpdesk-action-title\">Mesa de Ayuda<\/span>\n        <span class=\"floating-helpdesk-action-note\">Para cuentas organizacionales<\/span>\n      <\/a>\n      <a class=\"floating-helpdesk-action\" href=\"mailto:support.sosvirtual@sos-kd.org?subject=Soporte%20SOSvirtual\">\n        <span class=\"floating-helpdesk-action-title\">Correo de soporte<\/span>\n        <span class=\"floating-helpdesk-action-note\">Soporte por correo<\/span>\n      <\/a>\n    <\/div>\n  <\/div>\n<\/div>\n<script src=\"https:\/\/sosvirtual.aldeasinfantilessos.org\/recursos_web_2026\/interiores\/interiores.js?v=20260429-all3\" defer><\/script>\n<\/div><\/div><\/div><\/div>\n","protected":false},"excerpt":{"rendered":"","protected":false},"author":1,"featured_media":0,"parent":0,"menu_order":0,"comment_status":"closed","ping_status":"closed","template":"100-width.php","meta":[],"_links":{"self":[{"href":"https:\/\/sosvirtual.aldeasinfantilessos.org\/es\/wp-json\/wp\/v2\/pages\/25257"}],"collection":[{"href":"https:\/\/sosvirtual.aldeasinfantilessos.org\/es\/wp-json\/wp\/v2\/pages"}],"about":[{"href":"https:\/\/sosvirtual.aldeasinfantilessos.org\/es\/wp-json\/wp\/v2\/types\/page"}],"author":[{"embeddable":true,"href":"https:\/\/sosvirtual.aldeasinfantilessos.org\/es\/wp-json\/wp\/v2\/users\/1"}],"replies":[{"embeddable":true,"href":"https:\/\/sosvirtual.aldeasinfantilessos.org\/es\/wp-json\/wp\/v2\/comments?post=25257"}],"version-history":[{"count":22,"href":"https:\/\/sosvirtual.aldeasinfantilessos.org\/es\/wp-json\/wp\/v2\/pages\/25257\/revisions"}],"predecessor-version":[{"id":25473,"href":"https:\/\/sosvirtual.aldeasinfantilessos.org\/es\/wp-json\/wp\/v2\/pages\/25257\/revisions\/25473"}],"wp:attachment":[{"href":"https:\/\/sosvirtual.aldeasinfantilessos.org\/es\/wp-json\/wp\/v2\/media?parent=25257"}],"curies":[{"name":"wp","href":"https:\/\/api.w.org\/{rel}","templated":true}]}}