{"id":25541,"date":"2026-03-25T16:16:02","date_gmt":"2026-03-25T16:16:02","guid":{"rendered":"https:\/\/sosvirtual.aldeasinfantilessos.org\/nuevo_home_v3\/"},"modified":"2026-05-04T14:23:33","modified_gmt":"2026-05-04T14:23:33","slug":"nuevo_home_v3","status":"publish","type":"page","link":"https:\/\/sosvirtual.aldeasinfantilessos.org\/fr\/","title":{"rendered":"Nuevo_home_v3"},"content":{"rendered":"<div class=\"fusion-fullwidth fullwidth-box fusion-builder-row-1 fusion-flex-container has-pattern-background has-mask-background hundred-percent-fullwidth non-hundred-percent-height-scrolling\" style=\"--awb-border-radius-top-left:0px;--awb-border-radius-top-right:0px;--awb-border-radius-bottom-right:0px;--awb-border-radius-bottom-left:0px;--awb-padding-right:0px;--awb-padding-left:0px;--awb-flex-wrap:wrap;\" ><div class=\"fusion-builder-row fusion-row fusion-flex-align-items-flex-start fusion-flex-content-wrap\" style=\"width:104% !important;max-width:104% !important;margin-left: calc(-4% \/ 2 );margin-right: calc(-4% \/ 2 );\"><div class=\"fusion-layout-column fusion_builder_column fusion-builder-column-0 fusion_builder_column_1_1 1_1 fusion-flex-column\" style=\"--awb-bg-size:cover;--awb-width-large:100%;--awb-margin-top-large:0px;--awb-spacing-right-large:1.92%;--awb-margin-bottom-large:0px;--awb-spacing-left-large:1.92%;--awb-width-medium:100%;--awb-order-medium:0;--awb-spacing-right-medium:1.92%;--awb-spacing-left-medium:1.92%;--awb-width-small:100%;--awb-order-small:0;--awb-spacing-right-small:1.92%;--awb-spacing-left-small:1.92%;\" data-motion-effects=\"[{&quot;type&quot;:&quot;&quot;,&quot;scroll_type&quot;:&quot;transition&quot;,&quot;scroll_direction&quot;:&quot;up&quot;,&quot;transition_speed&quot;:&quot;1&quot;,&quot;fade_type&quot;:&quot;in&quot;,&quot;scale_type&quot;:&quot;up&quot;,&quot;initial_scale&quot;:&quot;1&quot;,&quot;max_scale&quot;:&quot;1.5&quot;,&quot;min_scale&quot;:&quot;0.5&quot;,&quot;initial_rotate&quot;:&quot;0&quot;,&quot;end_rotate&quot;:&quot;30&quot;,&quot;initial_blur&quot;:&quot;0&quot;,&quot;end_blur&quot;:&quot;3&quot;,&quot;start_element&quot;:&quot;top&quot;,&quot;start_viewport&quot;:&quot;bottom&quot;,&quot;end_element&quot;:&quot;bottom&quot;,&quot;end_viewport&quot;:&quot;top&quot;,&quot;mouse_effect&quot;:&quot;track&quot;,&quot;mouse_effect_direction&quot;:&quot;opposite&quot;,&quot;mouse_effect_speed&quot;:&quot;2&quot;,&quot;infinite_animation&quot;:&quot;float&quot;,&quot;infinite_animation_speed&quot;:&quot;2&quot;}]\" data-scroll-devices=\"small-visibility,medium-visibility,large-visibility\"><div class=\"fusion-column-wrapper fusion-column-has-shadow fusion-flex-justify-content-flex-start fusion-content-layout-column\"><link href=\"https:\/\/sosvirtual.aldeasinfantilessos.org\/recursos_web_2026\/home_final\/home_final.css?v=20260429-all10\" rel=\"stylesheet\"\/>\n<div class=\"sos-page\" id=\"sosvirtual-premium-home-v2\">\n<div aria-hidden=\"true\" id=\"top\"><\/div>\n<section class=\"hero\">\n<div class=\"page-shell\">\n<div class=\"hero-grid\">\n<div class=\"hero-copy reveal\" style=\"--delay:20ms;\">\n<div class=\"eyebrow\">Plateforme mondiale d\u2019apprentissage<\/div>\n<div class=\"hero-welcome\">Bienvenue sur SOSvirtual<\/div>\n<h1 class=\"hero-title\">La plateforme mondiale d\u2019apprentissage de <span>SOS Villages d\u2019Enfants<\/span><\/h1>\n<p class=\"hero-text\">Acc\u00e9dez \u00e0 des cours, programmes et solutions d\u2019apprentissage adapt\u00e9s \u00e0 votre contexte et renforcez votre travail au sein de l\u2019organisation.<\/p>\n<div class=\"hero-actions\">\n<a class=\"btn btn-primary\" href=\"#selector-pais\">S\u00e9lectionnez votre pays<\/a>\n<a class=\"btn btn-secondary\" href=\"https:\/\/sosvirtual-lms.sos-kd.org\/\" target=\"_blank\" rel=\"noopener\">Acc\u00e9der \u00e0 la plateforme<\/a>\n<\/div>\n<div class=\"note\">Trouvez le parcours d\u2019acc\u00e8s adapt\u00e9 \u00e0 votre pays et \u00e0 votre type d\u2019utilisateur.<\/div>\n<\/div>\n<div aria-hidden=\"true\" class=\"hero-visual reveal\" style=\"--delay:100ms;\">\n<div class=\"hero-media\" style=\"background-image:linear-gradient(180deg, rgba(255,255,255,.04) 0%, rgba(255,255,255,.02) 100%), url('https:\/\/sosvirtual.aldeasinfantilessos.org\/recursos_web_2026\/home_final\/servicios.jpg?v=20260429-all10');\"><\/div>\n<div class=\"hero-bubble\">\n<div class=\"hero-bubble-label\">Parcours d\u2019acc\u00e8s<\/div>\n<strong class=\"hero-bubble-title\">Pour commencer votre apprentissage<\/strong>\n<div aria-label=\"Pasos para iniciar tu formaci\u00f3n\" class=\"hero-bubble-steps\" role=\"list\">\n<div class=\"hero-bubble-step\" role=\"listitem\">\n<span class=\"hero-bubble-step-number\">1<\/span>\n<div class=\"hero-bubble-step-copy\">\n<span class=\"hero-bubble-step-title\">S\u00e9lectionnez votre pays<\/span>\n<span class=\"hero-bubble-step-description\">Choisissez votre pays sur la carte ou dans la liste.<\/span>\n<\/div>\n<\/div>\n<div class=\"hero-bubble-step\" role=\"listitem\">\n<span class=\"hero-bubble-step-number\">2<\/span>\n<div class=\"hero-bubble-step-copy\">\n<span class=\"hero-bubble-step-title\">Acc\u00e9der au catalogue disponible<\/span>\n<span class=\"hero-bubble-step-description\">Nous vous pr\u00e9senterons l\u2019offre d\u2019apprentissage disponible pour votre pays.<\/span>\n<\/div>\n<\/div>\n<div class=\"hero-bubble-step\" role=\"listitem\">\n<span class=\"hero-bubble-step-number\">3<\/span>\n<div class=\"hero-bubble-step-copy\">\n<span class=\"hero-bubble-step-title\">Inscrivez-vous au cours qui vous int\u00e9resse<\/span>\n<span class=\"hero-bubble-step-description\">Acc\u00e9dez \u00e0 la plateforme pour commencer ou poursuivre votre apprentissage.<\/span>\n<\/div>\n<\/div>\n<\/div>\n<\/div>\n<\/div>\n<\/div>\n<\/div>\n<\/section>\n<section class=\"selector-section\" id=\"selector-pais\">\n<div class=\"page-shell\">\n<div class=\"selector-layout\">\n<div class=\"selector-map reveal\" style=\"--delay:60ms;\">\n<div class=\"selector-map-head\">\n<div class=\"selector-map-eyebrow\">Localisation<\/div>\n<h2>S\u00e9lectionnez votre pays sur la carte<\/h2>\n<p>Cliquez sur votre pays pour voir les cours disponibles.<\/p>\n<p class=\"selector-map-note\">** Certaines localisations, comme Gulf Area, Luxembourg Monde et Zanzibar, doivent \u00eatre s\u00e9lectionn\u00e9es dans la liste.<\/p>\n<div aria-label=\"Regiones del mapa\" class=\"selector-region-legend\">\n<span class=\"selector-region-chip region-asia\"><span aria-hidden=\"true\" class=\"selector-region-swatch\"><\/span>ASIA<\/span>\n<span class=\"selector-region-chip region-esaf\"><span aria-hidden=\"true\" class=\"selector-region-swatch\"><\/span>ESAF<\/span>\n<span class=\"selector-region-chip region-eucm\"><span aria-hidden=\"true\" class=\"selector-region-swatch\"><\/span>EUCM<\/span>\n<span class=\"selector-region-chip region-euna\"><span aria-hidden=\"true\" class=\"selector-region-swatch\"><\/span>EUNA<\/span>\n<span class=\"selector-region-chip region-laam\"><span aria-hidden=\"true\" class=\"selector-region-swatch\"><\/span>LAAM<\/span>\n<span class=\"selector-region-chip region-wcna\"><span aria-hidden=\"true\" class=\"selector-region-swatch\"><\/span>WCNA<\/span>\n<\/div>\n<\/div>\n<div id=\"selector-world-stage\">\n<div id=\"selector-world\">\n<div class=\"selector-map-status\">\n<div>\n<strong>Chargement de la carte...<\/strong>\n<small>Nous pr\u00e9parons la carte interactive afin que vous puissiez s\u00e9lectionner votre pays.<\/small>\n<\/div>\n<\/div>\n<\/div>\n<div id=\"selector-world-overlay\"><\/div>\n<div class=\"selector-tooltip\" id=\"selector-world-tooltip\"><\/div>\n<\/div>\n<\/div>\n<div class=\"selector-card selector-copy reveal\" style=\"--delay:120ms;\">\n<div class=\"section-kicker\">Recherchez votre pays dans la liste<\/div>\n<h2>Trouvez les cours disponibles pour votre pays<\/h2>\n<p>Cette option s\u2019adresse aux personnes disposant d\u2019un compte organisationnel de SOS Villages d\u2019Enfants. Nous vous dirigerons vers le catalogue de cours disponible pour votre pays.<\/p>\n<form class=\"form-stack\" id=\"selector-flow\">\n<label for=\"aldeas-pais\">S\u00e9lectionnez votre pays<\/label>\n<select id=\"aldeas-pais\" name=\"pais\">\n<option value=\"\">S\u00e9lectionnez votre pays<\/option>\n<\/select>\n<button class=\"btn btn-primary selector-submit\" disabled=\"\" id=\"selector-go\" type=\"submit\">Voir les cours disponibles<\/button>\n<div class=\"helper\">Nous afficherons automatiquement les cours disponibles pour votre pays.<\/div>\n<\/form>\n<div class=\"selector-progress-cta\">\n<div class=\"selector-progress-copy\">\n<span>Vous avez d\u00e9j\u00e0 des cours en cours ?<\/span>\n<strong>Acc\u00e9dez directement \u00e0 la plateforme et poursuivez votre apprentissage.<\/strong>\n<\/div>\n<a class=\"btn btn-secondary selector-progress-button\" href=\"https:\/\/sosvirtual-lms.sos-kd.org\/\" target=\"_blank\" rel=\"noopener\">Acc\u00e9der \u00e0 la plateforme<\/a>\n<\/div>\n<\/div>\n<\/div>\n<\/div>\n<\/section>\n<section class=\"section\" id=\"que-es\">\n<div class=\"page-shell\">\n<div class=\"about-layout\">\n<div class=\"about-copy reveal\" style=\"--delay:50ms;\">\n<div class=\"section-kicker\">Qu\u2019est-ce que SOSvirtual<\/div>\n<h2>Un apprentissage qui cr\u00e9e de l\u2019impact<\/h2>\n<p>Nous soutenons le d\u00e9veloppement continu des collaborateurs, collaboratrices et partenaires gr\u00e2ce \u00e0 l\u2019apprentissage num\u00e9rique afin de renforcer la qualit\u00e9, l\u2019alignement et l\u2019impact des services destin\u00e9s aux enfants, adolescents, jeunes et familles.<\/p>\n<div class=\"about-actions\">\n<a class=\"btn btn-primary\" href=\"\/fr\/quienes-somos\/\">En savoir plus<\/a>\n<\/div>\n<\/div>\n<div aria-hidden=\"true\" class=\"about-visual reveal\" style=\"--delay:120ms;\">\n<div class=\"about-visual-media\" style=\"background:url('https:\/\/sosvirtual.aldeasinfantilessos.org\/recursos_web_2026\/home_final\/home-hero-20260407.jpg?v=20260429-all10') center center \/ cover no-repeat;\"><\/div>\n<div class=\"about-visual-note\">\n<strong>Un apprentissage reli\u00e9 \u00e0 la pratique quotidienne<\/strong>\n<span>Le d\u00e9veloppement des capacit\u00e9s renforce la prise en charge et la protection des enfants, adolescents, jeunes et familles.<\/span>\n<\/div>\n<\/div>\n<\/div>\n<\/div>\n<\/section>\n<section class=\"section impact-section\" id=\"impacto\">\n<div class=\"page-shell\">\n<div class=\"impact-shell\">\n<div class=\"impact-copy reveal\" style=\"--delay:40ms;\">\n<div class=\"section-kicker\">Impacto<\/div>\n<h2 class=\"section-title\">Une exp\u00e9rience d\u2019apprentissage \u00e0 port\u00e9e mondiale<\/h2>\n<p class=\"section-text\">SOSvirtual promeut l\u2019apprentissage dans de nombreux pays, langues et contextes, en reliant les \u00e9quipes et les connaissances pour renforcer le travail dans chaque contexte.<\/p>\n<\/div>\n<div class=\"impact-stats impact-stats-expanded\">\n<article class=\"impact-card reveal\" style=\"--delay:80ms;\">\n<div class=\"impact-card-head\">\n<div aria-hidden=\"true\" class=\"impact-icon\"><img alt=\"\" src=\"https:\/\/sosvirtual.aldeasinfantilessos.org\/recursos_web_2026\/recursos\/Iconos\/svg\/ImpactEnrollment.svg\"\/><\/div>\n<div class=\"impact-number\">+117K<\/div>\n<\/div>\n<strong>matriculaciones<\/strong>\n<span>Participation \u00e0 des exp\u00e9riences d\u2019apprentissage.<\/span>\n<\/article>\n<article class=\"impact-card reveal\" style=\"--delay:110ms;\">\n<div class=\"impact-card-head\">\n<div aria-hidden=\"true\" class=\"impact-icon\"><img alt=\"\" src=\"https:\/\/sosvirtual.aldeasinfantilessos.org\/recursos_web_2026\/recursos\/Iconos\/svg\/ImpactUsers.svg\"\/><\/div>\n<div class=\"impact-number\">+26K<\/div>\n<\/div>\n<strong>utilisateurs<\/strong>\n<span>\u00c9quipes renfor\u00e7ant leurs capacit\u00e9s.<\/span>\n<\/article>\n<article class=\"impact-card reveal\" style=\"--delay:140ms;\">\n<div class=\"impact-card-head\">\n<div aria-hidden=\"true\" class=\"impact-icon\"><img alt=\"\" src=\"https:\/\/sosvirtual.aldeasinfantilessos.org\/recursos_web_2026\/recursos\/Iconos\/svg\/ImpactCertificates.svg\"\/><\/div>\n<div class=\"impact-number\">+85K<\/div>\n<\/div>\n<strong>certificados<\/strong>\n<span>Attestations \u00e9mises \u00e0 l\u2019issue des processus d\u2019apprentissage.<\/span>\n<\/article>\n<article class=\"impact-card reveal\" style=\"--delay:170ms;\">\n<div class=\"impact-card-head\">\n<div aria-hidden=\"true\" class=\"impact-icon\"><img alt=\"\" src=\"https:\/\/sosvirtual.aldeasinfantilessos.org\/recursos_web_2026\/recursos\/Iconos\/svg\/ImpactCountries.svg\"\/><\/div>\n<div class=\"impact-number\">132<\/div>\n<\/div>\n<strong>pays<\/strong>\n<span>Pr\u00e9sence mondiale dans l\u2019organisation.<\/span>\n<\/article>\n<article class=\"impact-card reveal\" style=\"--delay:200ms;\">\n<div class=\"impact-card-head\">\n<div aria-hidden=\"true\" class=\"impact-icon\"><img alt=\"\" src=\"https:\/\/sosvirtual.aldeasinfantilessos.org\/recursos_web_2026\/recursos\/Iconos\/svg\/ImpactRegions.svg\"\/><\/div>\n<div class=\"impact-number\">6<\/div>\n<\/div>\n<strong>regiones<\/strong>\n<span>Pr\u00e9sence dans les r\u00e9gions de travail de l\u2019organisation.<\/span>\n<\/article>\n<article class=\"impact-card reveal\" style=\"--delay:230ms;\">\n<div class=\"impact-card-head\">\n<div aria-hidden=\"true\" class=\"impact-icon\"><img alt=\"\" src=\"https:\/\/sosvirtual.aldeasinfantilessos.org\/recursos_web_2026\/recursos\/Iconos\/svg\/ImpactLanguages.svg\"\/><\/div>\n<div class=\"impact-number\">18<\/div>\n<\/div>\n<strong>idiomas<\/strong>\n<span>Exp\u00e9riences d\u2019apprentissage en plusieurs langues.<\/span>\n<\/article>\n<article class=\"impact-card reveal\" style=\"--delay:260ms;\">\n<div class=\"impact-card-head\">\n<div aria-hidden=\"true\" class=\"impact-icon\"><img alt=\"\" src=\"https:\/\/sosvirtual.aldeasinfantilessos.org\/recursos_web_2026\/recursos\/Iconos\/svg\/ImpactCours.svg\"\/><\/div>\n<div class=\"impact-number\">+80<\/div>\n<\/div>\n<strong>cours dans le catalogue<\/strong>\n<span>Offre disponible pour renforcer les capacit\u00e9s.<\/span>\n<\/article>\n<\/div>\n<\/div>\n<\/div>\n<\/section>\n<section class=\"section\" id=\"app-sosvirtual\">\n<div class=\"page-shell\">\n<div class=\"app-layout\">\n<div class=\"app-copy reveal\" style=\"--delay:50ms;\">\n<div class=\"section-kicker\">Aplicaci\u00f3n m\u00f3vil<\/div>\n<h2 class=\"section-title\">Apprenez depuis n\u2019importe o\u00f9<\/h2>\n<div class=\"app-subtitle\">Acc\u00e9dez \u00e0 vos cours et ressources d\u2019apprentissage depuis votre appareil mobile, \u00e0 tout moment.<\/div>\n<p class=\"section-text\">Poursuivez votre apprentissage depuis diff\u00e9rents espaces de travail et d\u2019apprentissage, gr\u00e2ce \u00e0 une exp\u00e9rience con\u00e7ue pour vous accompagner o\u00f9 que vous soyez.<\/p>\n<div class=\"app-list\">\n<div class=\"app-list-item\">\n<span>Inscrivez-vous au cours qui vous int\u00e9resse at any time of day.<\/span>\n<\/div>\n<div class=\"app-list-item\">\n<span>Review activities, progress and reminders.<\/span>\n<\/div>\n<div class=\"app-list-item\">\n<span>Poursuivez votre apprentissage from different devices.<\/span>\n<\/div>\n<div class=\"app-list-item\">\n<span>Participate with greater flexibility from different work and learning spaces.<\/span>\n<\/div>\n<\/div>\n<div aria-label=\"Disponibilidad de la app\" class=\"app-downloads\">\n<a class=\"btn btn-secondary app-download-btn\" href=\"https:\/\/apps.apple.com\/us\/iphone\/search?term=SOSvirtual\" rel=\"noopener noreferrer\" target=\"_blank\">T\u00e9l\u00e9charger sur iOS<\/a>\n<a class=\"btn btn-secondary app-download-btn\" href=\"https:\/\/play.google.com\/store\/search?q=SOSvirtual&c=apps\" rel=\"noopener noreferrer\" target=\"_blank\">T\u00e9l\u00e9charger sur Android<\/a>\n<\/div>\n<\/div>\n<div aria-hidden=\"true\" class=\"app-visual reveal\" style=\"--delay:120ms;\">\n<div class=\"app-frame\"><\/div>\n<\/div>\n<\/div>\n<\/div>\n<\/section>\n<footer class=\"footer\">\n<div class=\"page-shell\">\n<div class=\"footer-top-inner\" id=\"footer-services\">\n<div class=\"services-copy reveal\" style=\"--delay:40ms;\">\n<div class=\"footer-kicker\">Services<\/div>\n<h2 class=\"footer-title\">Plus qu\u2019une plateforme d\u2019apprentissage<\/h2>\n<p class=\"footer-text\">Nous fournissons des solutions compl\u00e8tes d\u2019apprentissage num\u00e9rique align\u00e9es sur les priorit\u00e9s de SOS Villages d\u2019Enfants et les contextes locaux.<\/p>\n<div class=\"footer-actions\">\n<a class=\"btn btn-primary\" href=\"\/fr\/servicios\/\">Explorerr les services<\/a>\n<\/div>\n<\/div>\n<div aria-hidden=\"true\" class=\"services-visual reveal\" style=\"--delay:120ms;\">\n<div class=\"services-visual-media\"><\/div>\n<\/div>\n<\/div>\n<div class=\"footer-main\">\n<div class=\"footer-brand reveal\" style=\"--delay:60ms;\">\n<a href=\"#top\"><img alt=\"SOSvirtual\" src=\"https:\/\/sosvirtual.aldeasinfantilessos.org\/recursos_web_2026\/home_final\/logo2.png\"\/><\/a>\n<div class=\"footer-brand-meta\">Plateforme mondiale d\u2019apprentissage<\/div>\n<p>SOSvirtual r\u00e9unit des exp\u00e9riences d\u2019apprentissage pour renforcer les capacit\u00e9s, partager les connaissances et mieux accompagner le travail avec les enfants, les jeunes et les familles.<\/p>\n<\/div>\n<div class=\"footer-col reveal\" style=\"--delay:120ms;\">\n<h4>Explorerr<\/h4>\n<div class=\"footer-links\">\n<a href=\"#selector-pais\">S\u00e9lectionnez votre pays<\/a>\n<a href=\"\/fr\/como-empezar\/\">Comment commencer<\/a>\n<a href=\"\/fr\/quienes-somos\/\">Qu\u2019est-ce que SOSvirtual<\/a>\n<a href=\"#app-sosvirtual\">Application SOSvirtual<\/a>\n<\/div>\n<\/div>\n<div class=\"footer-col reveal\" id=\"footer-support\" style=\"--delay:240ms;\">\n<h4>Assistance<\/h4>\n<div class=\"footer-links\">\n<a href=\"https:\/\/iservice.sos-kd.org\/servicedesk\/customer\/portal\/17\" rel=\"noopener noreferrer\" target=\"_blank\">Centre d\u2019aide<\/a>\n<a href=\"https:\/\/iservice.sos-kd.org\/servicedesk\/customer\/portal\/17\" rel=\"noopener noreferrer\" target=\"_blank\">Contact<\/a>\n<a href=\"\/fr\/privacy-policy\/\">Politique de confidentialit\u00e9<\/a>\n<a href=\"\/fr\/terms-of-use\/\">Conditions d\u2019utilisation<\/a>\n<\/div>\n<\/div>\n<\/div>\n<div class=\"footer-bottom\">\n<div class=\"footer-legal\">\u00a9 2026 SOSvirtual \u00b7 SOS Villages d\u2019Enfants \u00b7 Plateforme institutionnelle d\u2019apprentissage.<\/div>\n<\/div>\n<\/div>\n<\/footer>\n<div class=\"floating-helpdesk\">\n<input class=\"floating-helpdesk-check\" id=\"floating-helpdesk-toggle-control\" type=\"checkbox\"\/>\n<label aria-label=\"Besoin d\u2019aide ?\" class=\"floating-helpdesk-toggle\" for=\"floating-helpdesk-toggle-control\">\n<span aria-hidden=\"true\" class=\"floating-helpdesk-icon\"><\/span>\n<span class=\"floating-helpdesk-text\">Besoin d\u2019aide ?<\/span>\n<span aria-hidden=\"true\" class=\"floating-helpdesk-caret\"><\/span>\n<\/label>\n<div class=\"floating-helpdesk-panel\">\n<a class=\"floating-helpdesk-action\" href=\"https:\/\/iservice.sos-kd.org\/servicedesk\/customer\/portal\/17\" rel=\"noopener noreferrer\" target=\"_blank\">\n<span class=\"floating-helpdesk-action-title\">Service d\u2019assistance<\/span>\n<span class=\"floating-helpdesk-action-note\">Pour les comptes organisationnels<\/span>\n<\/a>\n<a class=\"floating-helpdesk-action\" href=\"mailto:support.sosvirtual@sos-kd.org?subject=SOSvirtual%20Assistance\">\n<span class=\"floating-helpdesk-action-title\">Adresse e-mail d\u2019assistance<\/span>\n<span class=\"floating-helpdesk-action-note\">Assistance par e-mail<\/span>\n<\/a>\n<\/div>\n<\/div>\n<\/div>\n<script src=\"https:\/\/sosvirtual.aldeasinfantilessos.org\/recursos_web_2026\/catalogo_country_config_fr.js?v=20260429-all10\"><\/script>\n<script src=\"https:\/\/sosvirtual.aldeasinfantilessos.org\/recursos_web_2026\/home_final\/home_final_fr.js?v=20260429-all10\"><\/script>\n<script src=\"https:\/\/sosvirtual.aldeasinfantilessos.org\/recursos_web_2026\/platform_link_fix.js?v=20260429-all10\"><\/script>\n<\/div><\/div><\/div><\/div>\n","protected":false},"excerpt":{"rendered":"","protected":false},"author":1,"featured_media":0,"parent":0,"menu_order":0,"comment_status":"closed","ping_status":"closed","template":"100-width.php","meta":[],"_links":{"self":[{"href":"https:\/\/sosvirtual.aldeasinfantilessos.org\/fr\/wp-json\/wp\/v2\/pages\/25541"}],"collection":[{"href":"https:\/\/sosvirtual.aldeasinfantilessos.org\/fr\/wp-json\/wp\/v2\/pages"}],"about":[{"href":"https:\/\/sosvirtual.aldeasinfantilessos.org\/fr\/wp-json\/wp\/v2\/types\/page"}],"author":[{"embeddable":true,"href":"https:\/\/sosvirtual.aldeasinfantilessos.org\/fr\/wp-json\/wp\/v2\/users\/1"}],"replies":[{"embeddable":true,"href":"https:\/\/sosvirtual.aldeasinfantilessos.org\/fr\/wp-json\/wp\/v2\/comments?post=25541"}],"version-history":[{"count":3,"href":"https:\/\/sosvirtual.aldeasinfantilessos.org\/fr\/wp-json\/wp\/v2\/pages\/25541\/revisions"}],"predecessor-version":[{"id":25563,"href":"https:\/\/sosvirtual.aldeasinfantilessos.org\/fr\/wp-json\/wp\/v2\/pages\/25541\/revisions\/25563"}],"wp:attachment":[{"href":"https:\/\/sosvirtual.aldeasinfantilessos.org\/fr\/wp-json\/wp\/v2\/media?parent=25541"}],"curies":[{"name":"wp","href":"https:\/\/api.w.org\/{rel}","templated":true}]}}